{"id":98077,"date":"2025-04-05T16:17:28","date_gmt":"2025-04-05T15:17:28","guid":{"rendered":"https:\/\/swisstechauto.ch\/?post_type=product&#038;p=98077"},"modified":"2026-03-11T03:35:57","modified_gmt":"2026-03-11T02:35:57","slug":"concaver-cvr1-candy-red","status":"publish","type":"product","link":"https:\/\/swisstechauto.ch\/de\/produkt\/concaver-cvr1-candy-red\/","title":{"rendered":"Concaver CVR1 Candy Red"},"content":{"rendered":"<p><iframe title=\"Candy Red - Concaver&#039;s all-new finish | CVR1, CVR2, CVR3, CVR4\" width=\"800\" height=\"450\" src=\"https:\/\/www.youtube.com\/embed\/IxzmuPI6Hys?feature=oembed\" frameborder=\"0\" allow=\"accelerometer; autoplay; clipboard-write; encrypted-media; gyroscope; picture-in-picture; web-share\" referrerpolicy=\"strict-origin-when-cross-origin\" allowfullscreen><\/iframe><\/p>\n","protected":false},"excerpt":{"rendered":"<p><span style=\"color: #000000;\"><strong><img fetchpriority=\"high\" decoding=\"async\" class=\"alignnone size-large wp-image-96084\" src=\"https:\/\/swisstechauto.ch\/wp-content\/uploads\/2024\/09\/Capture-decran-2024-10-13-121002.png\" alt=\"Concaver CVR Concave Form\" width=\"940\" height=\"209\" srcset=\"https:\/\/swisstechauto.ch\/wp-content\/uploads\/2024\/09\/Capture-decran-2024-10-13-121002.png 1833w, https:\/\/swisstechauto.ch\/wp-content\/uploads\/2024\/09\/Capture-decran-2024-10-13-121002-600x134.png 600w, https:\/\/swisstechauto.ch\/wp-content\/uploads\/2024\/09\/Capture-decran-2024-10-13-121002-64x14.png 64w, https:\/\/swisstechauto.ch\/wp-content\/uploads\/2024\/09\/Capture-decran-2024-10-13-121002-300x67.png 300w, https:\/\/swisstechauto.ch\/wp-content\/uploads\/2024\/09\/Capture-decran-2024-10-13-121002-768x171.png 768w, https:\/\/swisstechauto.ch\/wp-content\/uploads\/2024\/09\/Capture-decran-2024-10-13-121002-1024x228.png 1024w, https:\/\/swisstechauto.ch\/wp-content\/uploads\/2024\/09\/Capture-decran-2024-10-13-121002-1536x342.png 1536w\" sizes=\"(max-width: 940px) 100vw, 940px\" \/>Concaver CVR1 Felgen Candy Red<\/strong><\/span><\/p>\n<p><span style=\"color: #000000;\"><strong>Mit CH Gutachten und Montagesatz<\/strong><\/span><\/p>\n<p><strong><span style=\"color: #ff0000;\"><a style=\"color: #ff0000;\" title=\"Contactez-nous\" href=\"\/?page_id=67417\">Kontaktieren Sie uns <\/a><\/span><\/strong><span style=\"color: #000000;\"><strong>um die \u00dcbereinstimmungen mit Ihrem Fahrzeug zu \u00fcberpr\u00fcfen.<\/strong><\/span><\/p>\n","protected":false},"featured_media":98168,"comment_status":"open","ping_status":"closed","template":"","meta":[],"pwb-brand":[13166],"product_brand":[12610],"product_cat":[5453,5160],"product_tag":[],"class_list":{"0":"post-98077","1":"product","2":"type-product","3":"status-publish","4":"has-post-thumbnail","6":"pwb-brand-concaver","7":"product_brand-concaver-de","8":"product_cat-felgen","9":"product_cat-felgen-reifen-zubehor","11":"first","12":"instock","13":"taxable","14":"shipping-taxable","15":"product-type-variable","16":"has-default-attributes"},"brands":[{"id":13166,"name":"Concaver","slug":"concaver"}],"_links":{"self":[{"href":"https:\/\/swisstechauto.ch\/de\/wp-json\/wp\/v2\/product\/98077","targetHints":{"allow":["GET"]}}],"collection":[{"href":"https:\/\/swisstechauto.ch\/de\/wp-json\/wp\/v2\/product"}],"about":[{"href":"https:\/\/swisstechauto.ch\/de\/wp-json\/wp\/v2\/types\/product"}],"replies":[{"embeddable":true,"href":"https:\/\/swisstechauto.ch\/de\/wp-json\/wp\/v2\/comments?post=98077"}],"version-history":[{"count":0,"href":"https:\/\/swisstechauto.ch\/de\/wp-json\/wp\/v2\/product\/98077\/revisions"}],"wp:featuredmedia":[{"embeddable":true,"href":"https:\/\/swisstechauto.ch\/de\/wp-json\/wp\/v2\/media\/98168"}],"wp:attachment":[{"href":"https:\/\/swisstechauto.ch\/de\/wp-json\/wp\/v2\/media?parent=98077"}],"wp:term":[{"taxonomy":"pwb-brand","embeddable":true,"href":"https:\/\/swisstechauto.ch\/de\/wp-json\/wp\/v2\/pwb-brand?post=98077"},{"taxonomy":"product_brand","embeddable":true,"href":"https:\/\/swisstechauto.ch\/de\/wp-json\/wp\/v2\/product_brand?post=98077"},{"taxonomy":"product_cat","embeddable":true,"href":"https:\/\/swisstechauto.ch\/de\/wp-json\/wp\/v2\/product_cat?post=98077"},{"taxonomy":"product_tag","embeddable":true,"href":"https:\/\/swisstechauto.ch\/de\/wp-json\/wp\/v2\/product_tag?post=98077"}],"curies":[{"name":"wp","href":"https:\/\/api.w.org\/{rel}","templated":true}]}}