{"id":96981,"date":"2025-02-17T02:13:18","date_gmt":"2025-02-17T01:13:18","guid":{"rendered":"https:\/\/swisstechauto.ch\/produit\/remus-kat-back-auspuffanlage-o-70-mm-zugelassen-fur-bmw-235i-xdrive-typ-f44-gran-coupe-opf\/"},"modified":"2026-03-11T03:36:01","modified_gmt":"2026-03-11T02:36:01","slug":"remus-kat-back-auspuffanlage-o-70-mm-zugelassen-fur-bmw-235i-xdrive-typ-f44-gran-coupe-opf","status":"publish","type":"product","link":"https:\/\/swisstechauto.ch\/de\/produkt\/remus-kat-back-auspuffanlage-o-70-mm-zugelassen-fur-bmw-235i-xdrive-typ-f44-gran-coupe-opf\/","title":{"rendered":"Remus Kat-Back-Auspuffanlage \u00d8 70 mm, zugelassen f\u00fcr BMW 235i xDrive, Typ F44 Gran Coupe (OPF)."},"content":{"rendered":"<p data-start=\"0\" data-end=\"122\"><strong data-start=\"0\" data-end=\"120\">Kat-Back-Auspuffanlage \u00d8 70 mm, <\/strong>zugelassen f\u00fcr<strong data-start=\"0\" data-end=\"120\"> BMW 235i xDrive, Typ F44 Gran Coup\u00e9 (mit OPF) B48A20E, <\/strong>bestehend aus:<\/p>\n<ul data-start=\"124\" data-end=\"491\">\n<li data-start=\"124\" data-end=\"284\">Einem Sport-Mittelschalld\u00e4mpfer 754019 1500-3 mit integriertem Klappensystem, gesteuert \u00fcber die originale Fahrzeugelektronik und den originalen Stellmotor.<\/li>\n<li data-start=\"285\" data-end=\"323\">Einem Verbindungsrohr 754019-0000.<\/li>\n<li data-start=\"324\" data-end=\"491\">W\u00e4hlbar: Ein Ausgangsadapter 080020-0020, speziell entwickelt f\u00fcr das originale BMW-Endrohr! Oder 080020-0040, passend f\u00fcr eines der vier verf\u00fcgbaren Endrohr-Sets.<\/li>\n<\/ul>\n<p data-start=\"493\" data-end=\"814\"><strong data-start=\"493\" data-end=\"506\">Merkmale:<\/strong><br data-start=\"506\" data-end=\"509\">\u2714 Aggressiver Racing-Sound<br data-start=\"535\" data-end=\"538\">\u2714 Sandgestrahlte Oberfl\u00e4che, 100 % Edelstahl<br data-start=\"582\" data-end=\"585\">\u2714 Leistungssteigerung, Reduzierung des Abgasgegendrucks<br data-start=\"640\" data-end=\"643\">\u2714 Gewichtsoptimierte Konstruktion<br data-start=\"676\" data-end=\"679\">\u2714 Perfekte Passform und h\u00f6chste Fertigungspr\u00e4zision<br data-start=\"730\" data-end=\"733\">\u2714<strong> Handgefertigt in \u00d6sterreich<\/strong><br data-start=\"762\" data-end=\"765\">\u2714<strong> 24 Monate Garantie<\/strong><br data-start=\"785\" data-end=\"788\">\u2714<strong> Inklusive CH-Zulassung<\/strong><\/p>\n<p data-start=\"816\" data-end=\"877\" data-is-last-node=\"\">\u2714 Keine \u00c4nderungen am originalen Hecksto\u00dff\u00e4nger erforderlich.<\/p>\n","protected":false},"excerpt":{"rendered":"<p><br data-mce-bogus=\"1\"><\/p>\n","protected":false},"featured_media":113316,"comment_status":"open","ping_status":"closed","template":"","meta":[],"pwb-brand":[],"product_brand":[5965],"product_cat":[5169,5793],"product_tag":[],"class_list":{"0":"post-96981","1":"product","2":"type-product","3":"status-publish","4":"has-post-thumbnail","6":"product_brand-remus-de","7":"product_cat-auspuffanlagen","8":"product_cat-cat-back-auspuffanlagen","10":"first","11":"instock","12":"taxable","13":"shipping-taxable","14":"purchasable","15":"product-type-variable"},"brands":[],"_links":{"self":[{"href":"https:\/\/swisstechauto.ch\/de\/wp-json\/wp\/v2\/product\/96981","targetHints":{"allow":["GET"]}}],"collection":[{"href":"https:\/\/swisstechauto.ch\/de\/wp-json\/wp\/v2\/product"}],"about":[{"href":"https:\/\/swisstechauto.ch\/de\/wp-json\/wp\/v2\/types\/product"}],"replies":[{"embeddable":true,"href":"https:\/\/swisstechauto.ch\/de\/wp-json\/wp\/v2\/comments?post=96981"}],"version-history":[{"count":0,"href":"https:\/\/swisstechauto.ch\/de\/wp-json\/wp\/v2\/product\/96981\/revisions"}],"wp:featuredmedia":[{"embeddable":true,"href":"https:\/\/swisstechauto.ch\/de\/wp-json\/wp\/v2\/media\/113316"}],"wp:attachment":[{"href":"https:\/\/swisstechauto.ch\/de\/wp-json\/wp\/v2\/media?parent=96981"}],"wp:term":[{"taxonomy":"pwb-brand","embeddable":true,"href":"https:\/\/swisstechauto.ch\/de\/wp-json\/wp\/v2\/pwb-brand?post=96981"},{"taxonomy":"product_brand","embeddable":true,"href":"https:\/\/swisstechauto.ch\/de\/wp-json\/wp\/v2\/product_brand?post=96981"},{"taxonomy":"product_cat","embeddable":true,"href":"https:\/\/swisstechauto.ch\/de\/wp-json\/wp\/v2\/product_cat?post=96981"},{"taxonomy":"product_tag","embeddable":true,"href":"https:\/\/swisstechauto.ch\/de\/wp-json\/wp\/v2\/product_tag?post=96981"}],"curies":[{"name":"wp","href":"https:\/\/api.w.org\/{rel}","templated":true}]}}