{"id":96122,"date":"2024-10-13T14:58:17","date_gmt":"2024-10-13T13:58:17","guid":{"rendered":"https:\/\/swisstechauto.ch\/?post_type=product&#038;p=96122"},"modified":"2026-03-11T03:36:13","modified_gmt":"2026-03-11T02:36:13","slug":"concaver-cvr1-custom-color","status":"publish","type":"product","link":"https:\/\/swisstechauto.ch\/de\/produkt\/concaver-cvr1-custom-color\/","title":{"rendered":"Concaver CVR1 Custom Color"},"content":{"rendered":"<p><iframe title=\"Concaver Wheels - Custom powder coating finishing\" width=\"800\" height=\"450\" src=\"https:\/\/www.youtube.com\/embed\/ASIsqCXFSuw?feature=oembed\" frameborder=\"0\" allow=\"accelerometer; autoplay; clipboard-write; encrypted-media; gyroscope; picture-in-picture; web-share\" referrerpolicy=\"strict-origin-when-cross-origin\" allowfullscreen><\/iframe><\/p>\n","protected":false},"excerpt":{"rendered":"<p><strong><span style=\"vertical-align: inherit; color: #000000;\"><span style=\"vertical-align: inherit;\"><img fetchpriority=\"high\" decoding=\"async\" class=\"alignnone size-large wp-image-96084\" src=\"https:\/\/swisstechauto.ch\/wp-content\/uploads\/2024\/09\/Capture-decran-2024-10-13-121002.png\" alt=\"Concaver CVR Concave Form\" width=\"940\" height=\"209\" srcset=\"https:\/\/swisstechauto.ch\/wp-content\/uploads\/2024\/09\/Capture-decran-2024-10-13-121002.png 1833w, https:\/\/swisstechauto.ch\/wp-content\/uploads\/2024\/09\/Capture-decran-2024-10-13-121002-600x134.png 600w, https:\/\/swisstechauto.ch\/wp-content\/uploads\/2024\/09\/Capture-decran-2024-10-13-121002-64x14.png 64w, https:\/\/swisstechauto.ch\/wp-content\/uploads\/2024\/09\/Capture-decran-2024-10-13-121002-300x67.png 300w, https:\/\/swisstechauto.ch\/wp-content\/uploads\/2024\/09\/Capture-decran-2024-10-13-121002-768x171.png 768w, https:\/\/swisstechauto.ch\/wp-content\/uploads\/2024\/09\/Capture-decran-2024-10-13-121002-1024x228.png 1024w, https:\/\/swisstechauto.ch\/wp-content\/uploads\/2024\/09\/Capture-decran-2024-10-13-121002-1536x342.png 1536w\" sizes=\"(max-width: 940px) 100vw, 940px\" \/><\/span><\/span><\/strong><\/p>\n<p><strong><span style=\"color: #000000;\">Concaver CVR1 Felgen in Sonderfarbe<\/span><\/strong><\/p>\n<p><strong><span style=\"color: #000000;\">Mit Zulassungszertifikat und Montagesatz<\/span><\/strong><\/p>\n<p><strong><span style=\"color: #000000;\">Verf\u00fcgbare Gr\u00f6\u00dfen:<\/span><\/strong><\/p>\n<p><strong><span style=\"color: #000000;\">Durchmesser: von 19&#8243; bis 23&#8243;<\/span><\/strong><\/p>\n<p><strong><span style=\"color: #000000;\">Breite: von 8.0&#8243; bis 12.0&#8243;<\/span><\/strong><\/p>\n<p><strong><span style=\"color: #000000;\">Lochkreis: 5&#215;108, 5&#215;110, 5&#215;112, 5&#215;114.3, 5&#215;115, 5&#215;118, 5&#215;120, 5&#215;127, 5&#215;130<\/span><\/strong><\/p>\n<p><strong><span style=\"color: #000000;\">Einpresstiefe (ET): 15, 16, 17, 18, 19, 20, 21, 22, 23, 24, 25, 26, 27, 28, 29, 30, 31, 32, 33, 34, 35, 36, 37, 38, 39, 40, 41, 42, 43, 44, 45, 46, 47, 48, 49, 50, 51, 52, 53, 54, 55, 56, 57<\/span><\/strong><\/p>\n<p><strong><span style=\"color: #000000;\"><span style=\"color: #ff0000;\"><a style=\"color: #ff0000;\" href=\"https:\/\/swisstechauto.ch\/de\/kontakt\/\">Kontaktieren Sie uns<\/a><\/span>, um die Kompatibilit\u00e4t mit Ihrem Fahrzeug zu \u00fcberpr\u00fcfen.<\/span><\/strong><\/p>\n<p><strong><span style=\"vertical-align: inherit; color: #000000;\"><span style=\"vertical-align: inherit;\">\u00a0<\/span><\/span><\/strong><\/p>\n<p>&nbsp;<\/p>\n","protected":false},"featured_media":96129,"comment_status":"open","ping_status":"closed","template":"","meta":[],"pwb-brand":[13166],"product_brand":[12610],"product_cat":[5453,5160],"product_tag":[],"class_list":{"0":"post-96122","1":"product","2":"type-product","3":"status-publish","4":"has-post-thumbnail","6":"pwb-brand-concaver","7":"product_brand-concaver-de","8":"product_cat-felgen","9":"product_cat-felgen-reifen-zubehor","11":"first","12":"instock","13":"taxable","14":"shipping-taxable","15":"product-type-simple"},"brands":[{"id":13166,"name":"Concaver","slug":"concaver"}],"_links":{"self":[{"href":"https:\/\/swisstechauto.ch\/de\/wp-json\/wp\/v2\/product\/96122","targetHints":{"allow":["GET"]}}],"collection":[{"href":"https:\/\/swisstechauto.ch\/de\/wp-json\/wp\/v2\/product"}],"about":[{"href":"https:\/\/swisstechauto.ch\/de\/wp-json\/wp\/v2\/types\/product"}],"replies":[{"embeddable":true,"href":"https:\/\/swisstechauto.ch\/de\/wp-json\/wp\/v2\/comments?post=96122"}],"version-history":[{"count":0,"href":"https:\/\/swisstechauto.ch\/de\/wp-json\/wp\/v2\/product\/96122\/revisions"}],"wp:featuredmedia":[{"embeddable":true,"href":"https:\/\/swisstechauto.ch\/de\/wp-json\/wp\/v2\/media\/96129"}],"wp:attachment":[{"href":"https:\/\/swisstechauto.ch\/de\/wp-json\/wp\/v2\/media?parent=96122"}],"wp:term":[{"taxonomy":"pwb-brand","embeddable":true,"href":"https:\/\/swisstechauto.ch\/de\/wp-json\/wp\/v2\/pwb-brand?post=96122"},{"taxonomy":"product_brand","embeddable":true,"href":"https:\/\/swisstechauto.ch\/de\/wp-json\/wp\/v2\/product_brand?post=96122"},{"taxonomy":"product_cat","embeddable":true,"href":"https:\/\/swisstechauto.ch\/de\/wp-json\/wp\/v2\/product_cat?post=96122"},{"taxonomy":"product_tag","embeddable":true,"href":"https:\/\/swisstechauto.ch\/de\/wp-json\/wp\/v2\/product_tag?post=96122"}],"curies":[{"name":"wp","href":"https:\/\/api.w.org\/{rel}","templated":true}]}}