{"id":95995,"date":"2024-08-12T17:18:15","date_gmt":"2024-08-12T16:18:15","guid":{"rendered":"https:\/\/swisstechauto.ch\/produit\/radar-shoes-black-white\/"},"modified":"2026-03-11T03:36:40","modified_gmt":"2026-03-11T02:36:40","slug":"radar-shoes-black-white","status":"publish","type":"product","link":"https:\/\/swisstechauto.ch\/de\/produkt\/radar-shoes-black-white\/","title":{"rendered":"RADAR SHOES &#8211; BLACK WHITE"},"content":{"rendered":"<p>Vollst\u00e4ndig von der FIA homologiert, wurde der Radar-Schuh speziell f\u00fcr professionelle Boxenteams entwickelt und entworfen, mit Verst\u00e4rkungen an der Ferse und der Zehenbox, feuerfestem Nomex, Perforationszonen und der exklusiven Alpinestars-Gummisohle f\u00fcr optimalen Halt und Unterst\u00fctzung &#8211; ideal f\u00fcr schnelle Boxenstopps und lange Tage in der Garage.<\/p>\n","protected":false},"excerpt":{"rendered":"<p>Vollst\u00e4ndig von der FIA homologiert, wurde der Radar-Schuh speziell f\u00fcr professionelle Boxenteams entwickelt und entworfen, mit Verst\u00e4rkungen an der Ferse und der Zehenbox, feuerfestem Nomex, Perforationszonen und der exklusiven Alpinestars-Gummisohle f\u00fcr optimalen Halt und Unterst\u00fctzung &#8211; ideal f\u00fcr schnelle Boxenstopps und lange Tage in der Garage.<\/p>\n","protected":false},"featured_media":94613,"comment_status":"closed","ping_status":"closed","template":"","meta":[],"pwb-brand":[],"product_brand":[12254],"product_cat":[5589,5598,5144],"product_tag":[],"class_list":{"0":"post-95995","1":"product","2":"type-product","3":"status-publish","4":"has-post-thumbnail","6":"product_brand-alpinestars-de","7":"product_cat-pilotenausrustung","8":"product_cat-schuhe","9":"product_cat-zubehoer","11":"first","12":"instock","13":"taxable","14":"shipping-taxable","15":"purchasable","16":"product-type-variable"},"brands":[],"_links":{"self":[{"href":"https:\/\/swisstechauto.ch\/de\/wp-json\/wp\/v2\/product\/95995","targetHints":{"allow":["GET"]}}],"collection":[{"href":"https:\/\/swisstechauto.ch\/de\/wp-json\/wp\/v2\/product"}],"about":[{"href":"https:\/\/swisstechauto.ch\/de\/wp-json\/wp\/v2\/types\/product"}],"replies":[{"embeddable":true,"href":"https:\/\/swisstechauto.ch\/de\/wp-json\/wp\/v2\/comments?post=95995"}],"version-history":[{"count":0,"href":"https:\/\/swisstechauto.ch\/de\/wp-json\/wp\/v2\/product\/95995\/revisions"}],"wp:featuredmedia":[{"embeddable":true,"href":"https:\/\/swisstechauto.ch\/de\/wp-json\/wp\/v2\/media\/94613"}],"wp:attachment":[{"href":"https:\/\/swisstechauto.ch\/de\/wp-json\/wp\/v2\/media?parent=95995"}],"wp:term":[{"taxonomy":"pwb-brand","embeddable":true,"href":"https:\/\/swisstechauto.ch\/de\/wp-json\/wp\/v2\/pwb-brand?post=95995"},{"taxonomy":"product_brand","embeddable":true,"href":"https:\/\/swisstechauto.ch\/de\/wp-json\/wp\/v2\/product_brand?post=95995"},{"taxonomy":"product_cat","embeddable":true,"href":"https:\/\/swisstechauto.ch\/de\/wp-json\/wp\/v2\/product_cat?post=95995"},{"taxonomy":"product_tag","embeddable":true,"href":"https:\/\/swisstechauto.ch\/de\/wp-json\/wp\/v2\/product_tag?post=95995"}],"curies":[{"name":"wp","href":"https:\/\/api.w.org\/{rel}","templated":true}]}}