{"id":92884,"date":"2024-08-08T02:05:09","date_gmt":"2024-08-08T01:05:09","guid":{"rendered":"https:\/\/swisstechauto.ch\/produit\/alpinestars\/"},"modified":"2026-03-11T03:36:49","modified_gmt":"2026-03-11T02:36:49","slug":"alpinestars","status":"publish","type":"product","link":"https:\/\/swisstechauto.ch\/de\/produkt\/alpinestars\/","title":{"rendered":"Alpinestars"},"content":{"rendered":"","protected":false},"excerpt":{"rendered":"<p>Neu eingetroffen ! Der Alpinestars-Katalog <\/p>\n<div class=\"flex max-w-full flex-col flex-grow\">\n<div class=\"min-h-[20px] text-message flex w-full flex-col items-end gap-2 whitespace-pre-wrap break-words [.text-message+&amp;]:mt-5 overflow-x-auto\" dir=\"auto\" data-message-author-role=\"assistant\" data-message-id=\"242ffefc-e1c5-4880-b776-f1b8bd7a2a8a\">\n<div class=\"flex w-full flex-col gap-1 empty:hidden first:pt-[3px]\">\n<div class=\"markdown prose w-full break-words dark:prose-invert light\"> Entdecken Sie jetzt den brandneuen Alpinestars-Katalog ! R\u00fcsten Sie sich mit den neuesten Innovationen und mutigen Designs f\u00fcr ein unvergleichliches Fahrerlebnis aus. Verpassen Sie nicht diese Chance, Ihre Abenteuer mit modernster Ausr\u00fcstung auf die Piste zu verwandeln. Das Beste an Leistung und Stil erwartet Sie, also tauchen Sie ein in unsere exklusive Kollektion und finden Sie Ihren n\u00e4chsten Favoriten. <\/div>\n<\/div>\n<\/div>\n<\/div>\n","protected":false},"featured_media":92885,"comment_status":"open","ping_status":"closed","template":"","meta":[],"pwb-brand":[],"product_brand":[12254],"product_cat":[5589,5601,5604,5592,5595,5598,5144],"product_tag":[],"class_list":{"0":"post-92884","1":"product","2":"type-product","3":"status-publish","4":"has-post-thumbnail","6":"product_brand-alpinestars-de","7":"product_cat-pilotenausrustung","8":"product_cat-anzug","9":"product_cat-handschuhe","10":"product_cat-haube","11":"product_cat-helm","12":"product_cat-schuhe","13":"product_cat-zubehoer","15":"first","16":"instock","17":"taxable","18":"shipping-taxable","19":"product-type-simple"},"brands":[],"_links":{"self":[{"href":"https:\/\/swisstechauto.ch\/de\/wp-json\/wp\/v2\/product\/92884","targetHints":{"allow":["GET"]}}],"collection":[{"href":"https:\/\/swisstechauto.ch\/de\/wp-json\/wp\/v2\/product"}],"about":[{"href":"https:\/\/swisstechauto.ch\/de\/wp-json\/wp\/v2\/types\/product"}],"replies":[{"embeddable":true,"href":"https:\/\/swisstechauto.ch\/de\/wp-json\/wp\/v2\/comments?post=92884"}],"version-history":[{"count":0,"href":"https:\/\/swisstechauto.ch\/de\/wp-json\/wp\/v2\/product\/92884\/revisions"}],"wp:featuredmedia":[{"embeddable":true,"href":"https:\/\/swisstechauto.ch\/de\/wp-json\/wp\/v2\/media\/92885"}],"wp:attachment":[{"href":"https:\/\/swisstechauto.ch\/de\/wp-json\/wp\/v2\/media?parent=92884"}],"wp:term":[{"taxonomy":"pwb-brand","embeddable":true,"href":"https:\/\/swisstechauto.ch\/de\/wp-json\/wp\/v2\/pwb-brand?post=92884"},{"taxonomy":"product_brand","embeddable":true,"href":"https:\/\/swisstechauto.ch\/de\/wp-json\/wp\/v2\/product_brand?post=92884"},{"taxonomy":"product_cat","embeddable":true,"href":"https:\/\/swisstechauto.ch\/de\/wp-json\/wp\/v2\/product_cat?post=92884"},{"taxonomy":"product_tag","embeddable":true,"href":"https:\/\/swisstechauto.ch\/de\/wp-json\/wp\/v2\/product_tag?post=92884"}],"curies":[{"name":"wp","href":"https:\/\/api.w.org\/{rel}","templated":true}]}}