{"id":92728,"date":"2024-07-21T15:33:03","date_gmt":"2024-07-21T14:33:03","guid":{"rendered":"https:\/\/swisstechauto.ch\/?post_type=product&#038;p=92728"},"modified":"2026-03-11T03:37:03","modified_gmt":"2026-03-11T02:37:03","slug":"sport-federn-st-30-0-bmw-e36","status":"publish","type":"product","link":"https:\/\/swisstechauto.ch\/de\/produkt\/sport-federn-st-30-0-bmw-e36\/","title":{"rendered":"Sport Federn ST -30\/-0 BMW E36"},"content":{"rendered":"<p><span class=\"ng-star-inserted\" data-index=\"0\">ST Sportfedern<\/span><\/p>\n<p><span class=\"ng-star-inserted\" data-index=\"1\">Das breit gef\u00e4cherte Federangebot von ST suspensions z\u00e4hlt mit seinen \u00fcber 1.000 Anwendungen zu den wenigen Tieferlegungsfedern im Markt, die in Kombination mit dem Serienfahrwerk das Fahrverhalten eines Fahrzeugs verbessern. Neben einer ansprechenden Tieferlegung erm\u00f6glichen die ST suspensions Sportfedern eine Steigerung der Kurvengeschwindigkeit und ein dynamisches Autofahren.<\/span><\/p>\n<p><span class=\"ng-star-inserted\" data-index=\"2\">Klasse Optik f\u00fcr jedes Auto<\/span><\/p>\n<p><span class=\"ng-star-inserted hovered\" data-index=\"3\">Die in Erstausr\u00fcsterqualit\u00e4t aus Chrom-Silizium-Stahl im Kaltwickelverfahren gefertigten ST suspensions Sportfedern sind mehrfach verg\u00fctet und tragen eine abschlie\u00dfende Epoxid-Beschichtung. Dadurch halten sie den unterschiedlichsten Witterungsverh\u00e4ltnissen stand. Je nach Fahrzeugmodell k\u00f6nnen mit den ST suspensions Sportfedern dezente Tieferlegungen von beispielsweise 20 mm vorne und 15 mm an der Antriebsachse beim aktuellen BMW M3 (E9x Baureihe), ansprechende 30 mm an beiden Achsen beim Audi A1 oder bis zu 60 mm beim VW Golf I erzielt werden. Bei der Installation von ST suspensions Sportfedern senkt sich im Vergleich zum Serienfahrwerk nicht nur der Karosserieschwerpunkt, sondern auch die Fahrdynamik profitiert davon. Bei starken Lenkbewegungen wie etwa bei Ausweichman\u00f6vern und schnellen Kurvenfahrten reduzieren sich durch die geringere Rollneigung die Karosserieaufbaubewegungen. Des Weiteren wird das Ein- und Ausfedern verringert, wodurch das Fahrverhalten agiler wird.<\/span><\/p>\n<p>Die ideale Federrate f\u00fcr jede Tieferlegung<\/p>\n<p>Die Federraten der ST suspensions Sportfedern harmonieren perfekt mit der Abstimmung der Seriend\u00e4mpfer. Schlie\u00dflich haben die ST suspensions Sportfedern in Verbindung mit dem jeweiligen Fahrzeuggewicht, den Radlasten und dem Niveau der beabsichtigten Tieferlegung einen gro\u00dfen Einfluss auf das Ein- und Ausfederverhalten des Serienfahrwerks. Die aus Chrom-Siliziumstahl gefertigten ST suspensions Sportfedern tragen nicht nur das Fahrzeuggewicht, sondern garantieren durch die speziell abgestimmten Federraten ein direkteres Fahrvergn\u00fcgen. Je nach Niveau der Tieferlegung, zum Beispiel bei einer Reduzierung des Schwerpunkts von 20 mm, 30 mm oder 40 mm, besitzen die ST suspensions Sportfedern unterschiedliche Federraten, die mit den Seriend\u00e4mpfern harmonieren. Je gr\u00f6\u00dfer das Niveau der Tieferlegung ausf\u00e4llt, umso h\u00f6her ist die Federrate<\/p>\n<p>Gro\u00dfe Vielfalt, nicht nur f\u00fcr Tuningfreunde<\/p>\n<p>Die Sportfedern von ST suspensions sind nicht nur f\u00fcr aktuelle Fahrzeuge und Neuwagen wie zum Beispiel Audi A7 Sportback oder Mercedes-Benz E-Klasse und weitere erh\u00e4ltlich. Auch Liebhaber zeitloser Modelle wie etwa des BMW E30 oder VW Golf I finden im Lieferprogramm von ST suspensions die idealen Sportfedern. Selbst f\u00fcr au\u00dfergew\u00f6hnliche Fahrzeuge sind die gepr\u00fcften ST suspensions Sportfedern lieferbar. Aktuell umfasst das Angebot an Sportfedern etwa 1.000 Anwendungen f\u00fcr 30 verschiedene Automobilmarken von Alfa Romeo bis zu Volvo.<\/p>\n","protected":false},"excerpt":{"rendered":"<table>\n<tbody>\n<tr>\n<td class=\"detail_attribute_name\">Artikel-Nr.:<\/td>\n<td>28220214 \/ EAN : 4250173343947<\/td>\n<\/tr>\n<tr>\n<td class=\"detail_attribute_name\">Tieferlegung VA \/ HA:<\/td>\n<td>30mm\/0mm<\/td>\n<\/tr>\n<tr>\n<td class=\"detail_attribute_name\">Achslast VA\/HA:<\/td>\n<td>-900kg\/-1070kg<\/td>\n<\/tr>\n<\/tbody>\n<\/table>\n<table>\n<tbody>\n<tr>\n<td class=\"detail_attribute_name\">Inhalt:<\/td>\n<td>Set AV (2 Pi\u00e8ces)<\/td>\n<\/tr>\n<\/tbody>\n<\/table>\n<ul class=\"hinweis_list\">\n<li>Bei Fahrzeugen mit werkseitiger Tieferlegung reduziert sich die angegebene Tieferlegungsrate um das Ma\u00df der werkseitigen Tieferlegung<\/li>\n<\/ul>\n<p>Lieferzeit: ca. 5-12 Tage<\/p>\n","protected":false},"featured_media":70328,"comment_status":"closed","ping_status":"closed","template":"","meta":[],"pwb-brand":[],"product_brand":[5982],"product_cat":[5166,5543],"product_tag":[],"class_list":{"0":"post-92728","1":"product","2":"type-product","3":"status-publish","4":"has-post-thumbnail","6":"product_brand-st-suspensions-de","7":"product_cat-fahrwerkstechnik","8":"product_cat-federn","10":"first","11":"instock","12":"sale","13":"taxable","14":"shipping-taxable","15":"purchasable","16":"product-type-simple"},"brands":[],"_links":{"self":[{"href":"https:\/\/swisstechauto.ch\/de\/wp-json\/wp\/v2\/product\/92728","targetHints":{"allow":["GET"]}}],"collection":[{"href":"https:\/\/swisstechauto.ch\/de\/wp-json\/wp\/v2\/product"}],"about":[{"href":"https:\/\/swisstechauto.ch\/de\/wp-json\/wp\/v2\/types\/product"}],"replies":[{"embeddable":true,"href":"https:\/\/swisstechauto.ch\/de\/wp-json\/wp\/v2\/comments?post=92728"}],"version-history":[{"count":0,"href":"https:\/\/swisstechauto.ch\/de\/wp-json\/wp\/v2\/product\/92728\/revisions"}],"wp:featuredmedia":[{"embeddable":true,"href":"https:\/\/swisstechauto.ch\/de\/wp-json\/wp\/v2\/media\/70328"}],"wp:attachment":[{"href":"https:\/\/swisstechauto.ch\/de\/wp-json\/wp\/v2\/media?parent=92728"}],"wp:term":[{"taxonomy":"pwb-brand","embeddable":true,"href":"https:\/\/swisstechauto.ch\/de\/wp-json\/wp\/v2\/pwb-brand?post=92728"},{"taxonomy":"product_brand","embeddable":true,"href":"https:\/\/swisstechauto.ch\/de\/wp-json\/wp\/v2\/product_brand?post=92728"},{"taxonomy":"product_cat","embeddable":true,"href":"https:\/\/swisstechauto.ch\/de\/wp-json\/wp\/v2\/product_cat?post=92728"},{"taxonomy":"product_tag","embeddable":true,"href":"https:\/\/swisstechauto.ch\/de\/wp-json\/wp\/v2\/product_tag?post=92728"}],"curies":[{"name":"wp","href":"https:\/\/api.w.org\/{rel}","templated":true}]}}