{"id":92681,"date":"2024-07-21T14:10:18","date_gmt":"2024-07-21T13:10:18","guid":{"rendered":"https:\/\/swisstechauto.ch\/?post_type=product&#038;p=92681"},"modified":"2026-03-11T03:37:10","modified_gmt":"2026-03-11T02:37:10","slug":"kw-inox-gewindefahrwerk-v1-classic-line-e36-m3","status":"publish","type":"product","link":"https:\/\/swisstechauto.ch\/de\/produkt\/kw-inox-gewindefahrwerk-v1-classic-line-e36-m3\/","title":{"rendered":"KW Inox Gewindefahrwerk V1 Classic Line"},"content":{"rendered":"<pre id=\"tw-target-text\" class=\"tw-data-text tw-text-large tw-ta\" data-placeholder=\"Traduction\" aria-label=\"Texte traduit\" data-ved=\"2ahUKEwiA3Kv5kriHAxVCSKQEHSAwCCEQ3ewLegQIBxAU\"><span class=\"Y2IQFc\" lang=\"fr\">Verf\u00fcgbare Komponenten, Fertigung auf Bestellung: ca. 12 bis 17 Tage<\/span><\/pre>\n","protected":false},"excerpt":{"rendered":"<table style=\"height: 851px;\" width=\"985\">\n<tbody>\n<tr>\n<td>Artikelnummer:<\/td>\n<td>10220012-B \/ EAN: 4251778316848 V1 Street Performance<\/td>\n<\/tr>\n<tr>\n<td>Tieferlegung VA\/HA:<\/td>\n<td>30-60mm\/30-60mm<\/td>\n<\/tr>\n<tr>\n<td>Achslast VA\/HA:<\/td>\n<td>-920kg\/-1130kg<\/td>\n<\/tr>\n<tr>\n<td><strong>WICHTIG:<\/strong><\/td>\n<td><strong> Bei deiner Produktauswahl m\u00fcssen <\/strong><strong>die Gewichtsangaben mit den Eigenschaften deines Fahrzeugs \u00fcbereinstimmen (1= Achslast vorne \/ 2= Achslast hinten).<\/strong><\/p>\n<p><img fetchpriority=\"high\" decoding=\"async\" class=\"alignnone wp-image-69472\" src=\"https:\/\/swisstechauto.ch\/wp-content\/uploads\/2024\/02\/poid-essieu-exemple.jpg\" alt=\"\" width=\"327\" height=\"182\" srcset=\"https:\/\/swisstechauto.ch\/wp-content\/uploads\/2024\/02\/poid-essieu-exemple.jpg 360w, https:\/\/swisstechauto.ch\/wp-content\/uploads\/2024\/02\/poid-essieu-exemple-64x36.jpg 64w, https:\/\/swisstechauto.ch\/wp-content\/uploads\/2024\/02\/poid-essieu-exemple-300x167.jpg 300w\" sizes=\"(max-width: 327px) 100vw, 327px\" \/><\/td>\n<\/tr>\n<tr>\n<td>Lieferumfang:<\/td>\n<td>Gewindefederbeine vorne, Hinterachsfedern mit H\u00f6henverstellung + D\u00e4mpfer<\/td>\n<\/tr>\n<tr>\n<td>Hinweise:<\/td>\n<td>\n<ul class=\"hinweis_list\">\n<li><strong>Dieses Kit ist nicht f\u00fcr Fahrzeuge mit elektronischer D\u00e4mpfungsregelung<\/strong><\/li>\n<li>Die D\u00e4mpfer verf\u00fcgen \u00fcber einfach zu bedienende Einstellr\u00e4der. Bauartbedingt nur in Zugstufe einstellbar, wenn die Kolbenstange zug\u00e4nglich ist. <\/li>\n<li>Bei Verwendung von Serienr\u00e4dern\/-reifen k\u00f6nnen Distanzscheiben (Spurverbreiterungen) erforderlich sein.<\/li>\n<\/ul>\n<\/td>\n<\/tr>\n<tr>\n<td>Verwendung:<\/td>\n<td>Stra\u00dfenzulassung nach Eintragung \/ Kostenlose Lieferung in die Schweiz mit Zertifikat f\u00fcr Tieferlegung bis -40mm, \u00fcber -40mm ist die Bestellung eines zus\u00e4tzlichen DTC-Zertifikats zum Preis von 95.- erforderlich<\/td>\n<\/tr>\n<tr>\n<td>Hinweis:<\/td>\n<td>\n<table class=\"ts1\" cellspacing=\"0\" cellpadding=\"0\">\n<tbody>\n<tr>\n<td>Bei Fahrzeugen mit elektronischer D\u00e4mpferregelung muss diese stillgelegt werden. Sie finden das Trennmodul in unserem KW-Sortiment oder \u00fcber die Suchleiste unter der Referenz: DCC<\/td>\n<\/tr>\n<\/tbody>\n<\/table>\n<\/td>\n<\/tr>\n<\/tbody>\n<\/table>\n<div>\n[embed]https:\/\/youtu.be\/hjOFobxfJy4[\/embed]\n<\/div>\n","protected":false},"featured_media":92686,"comment_status":"closed","ping_status":"closed","template":"","meta":[],"pwb-brand":[13177],"product_brand":[5926],"product_cat":[5166,5540],"product_tag":[],"class_list":{"0":"post-92681","1":"product","2":"type-product","3":"status-publish","4":"has-post-thumbnail","6":"pwb-brand-kw-suspensions","7":"product_brand-kw-suspensions-de","8":"product_cat-fahrwerkstechnik","9":"product_cat-gewindefahrwerke","11":"first","12":"instock","13":"sale","14":"taxable","15":"shipping-taxable","16":"purchasable","17":"product-type-simple"},"brands":[{"id":13177,"name":"KW Suspensions","slug":"kw-suspensions"}],"_links":{"self":[{"href":"https:\/\/swisstechauto.ch\/de\/wp-json\/wp\/v2\/product\/92681","targetHints":{"allow":["GET"]}}],"collection":[{"href":"https:\/\/swisstechauto.ch\/de\/wp-json\/wp\/v2\/product"}],"about":[{"href":"https:\/\/swisstechauto.ch\/de\/wp-json\/wp\/v2\/types\/product"}],"replies":[{"embeddable":true,"href":"https:\/\/swisstechauto.ch\/de\/wp-json\/wp\/v2\/comments?post=92681"}],"version-history":[{"count":0,"href":"https:\/\/swisstechauto.ch\/de\/wp-json\/wp\/v2\/product\/92681\/revisions"}],"wp:featuredmedia":[{"embeddable":true,"href":"https:\/\/swisstechauto.ch\/de\/wp-json\/wp\/v2\/media\/92686"}],"wp:attachment":[{"href":"https:\/\/swisstechauto.ch\/de\/wp-json\/wp\/v2\/media?parent=92681"}],"wp:term":[{"taxonomy":"pwb-brand","embeddable":true,"href":"https:\/\/swisstechauto.ch\/de\/wp-json\/wp\/v2\/pwb-brand?post=92681"},{"taxonomy":"product_brand","embeddable":true,"href":"https:\/\/swisstechauto.ch\/de\/wp-json\/wp\/v2\/product_brand?post=92681"},{"taxonomy":"product_cat","embeddable":true,"href":"https:\/\/swisstechauto.ch\/de\/wp-json\/wp\/v2\/product_cat?post=92681"},{"taxonomy":"product_tag","embeddable":true,"href":"https:\/\/swisstechauto.ch\/de\/wp-json\/wp\/v2\/product_tag?post=92681"}],"curies":[{"name":"wp","href":"https:\/\/api.w.org\/{rel}","templated":true}]}}