{"id":87607,"date":"2024-06-19T11:39:02","date_gmt":"2024-06-19T10:39:02","guid":{"rendered":"https:\/\/swisstechauto.ch\/produit\/corspeed-deville-11-0-x-23-5x112-et-40-silber-brushed-oberflaeche\/"},"modified":"2024-06-19T11:39:02","modified_gmt":"2024-06-19T10:39:02","slug":"corspeed-deville-11-0-x-23-5x112-et-40-silber-brushed-oberflaeche","status":"publish","type":"product","link":"https:\/\/swisstechauto.ch\/de\/produkt\/corspeed-deville-11-0-x-23-5x112-et-40-silber-brushed-oberflaeche\/","title":{"rendered":"CORSPEED DEVILLE 11.0 X 23 \/ 5X112 ET 40 Silber-brushed-Oberfl\u00e4che"},"content":{"rendered":"","protected":false},"excerpt":{"rendered":"<p>Aktion g\u00fcltig f\u00fcr den Kauf von 4 Felgen<\/p>\n","protected":false},"featured_media":82343,"comment_status":"closed","ping_status":"closed","template":"","meta":[],"pwb-brand":[],"product_brand":[8418],"product_cat":[5453,5160],"product_tag":[],"class_list":{"0":"post-87607","1":"product","2":"type-product","3":"status-publish","4":"has-post-thumbnail","6":"product_brand-corspeed-de","7":"product_cat-felgen","8":"product_cat-felgen-reifen-zubehor","10":"first","11":"instock","12":"taxable","13":"shipping-taxable","14":"purchasable","15":"product-type-simple"},"brands":[],"_links":{"self":[{"href":"https:\/\/swisstechauto.ch\/de\/wp-json\/wp\/v2\/product\/87607","targetHints":{"allow":["GET"]}}],"collection":[{"href":"https:\/\/swisstechauto.ch\/de\/wp-json\/wp\/v2\/product"}],"about":[{"href":"https:\/\/swisstechauto.ch\/de\/wp-json\/wp\/v2\/types\/product"}],"replies":[{"embeddable":true,"href":"https:\/\/swisstechauto.ch\/de\/wp-json\/wp\/v2\/comments?post=87607"}],"version-history":[{"count":0,"href":"https:\/\/swisstechauto.ch\/de\/wp-json\/wp\/v2\/product\/87607\/revisions"}],"wp:featuredmedia":[{"embeddable":true,"href":"https:\/\/swisstechauto.ch\/de\/wp-json\/wp\/v2\/media\/82343"}],"wp:attachment":[{"href":"https:\/\/swisstechauto.ch\/de\/wp-json\/wp\/v2\/media?parent=87607"}],"wp:term":[{"taxonomy":"pwb-brand","embeddable":true,"href":"https:\/\/swisstechauto.ch\/de\/wp-json\/wp\/v2\/pwb-brand?post=87607"},{"taxonomy":"product_brand","embeddable":true,"href":"https:\/\/swisstechauto.ch\/de\/wp-json\/wp\/v2\/product_brand?post=87607"},{"taxonomy":"product_cat","embeddable":true,"href":"https:\/\/swisstechauto.ch\/de\/wp-json\/wp\/v2\/product_cat?post=87607"},{"taxonomy":"product_tag","embeddable":true,"href":"https:\/\/swisstechauto.ch\/de\/wp-json\/wp\/v2\/product_tag?post=87607"}],"curies":[{"name":"wp","href":"https:\/\/api.w.org\/{rel}","templated":true}]}}