{"id":75062,"date":"2024-05-23T08:38:22","date_gmt":"2024-05-23T07:38:22","guid":{"rendered":"https:\/\/swisstechauto.ch\/produit\/kw-gewindefahrwerk-v1-inox-30-55-30-55\/"},"modified":"2024-05-23T08:38:22","modified_gmt":"2024-05-23T07:38:22","slug":"kw-gewindefahrwerk-v1-inox-30-55-30-55","status":"publish","type":"product","link":"https:\/\/swisstechauto.ch\/de\/produkt\/kw-gewindefahrwerk-v1-inox-30-55-30-55\/","title":{"rendered":"KW Gewindefahrwerk V1 inox 30-55\/30-55"},"content":{"rendered":"<p><iframe title=\"KW Variant 1 Coilover Suspension Kit\" width=\"800\" height=\"450\" src=\"https:\/\/www.youtube.com\/embed\/hjOFobxfJy4?feature=oembed\" frameborder=\"0\" allow=\"accelerometer; autoplay; clipboard-write; encrypted-media; gyroscope; picture-in-picture; web-share\" referrerpolicy=\"strict-origin-when-cross-origin\" allowfullscreen><\/iframe><\/p>\n<p>Lieferfristen von ca. 5-8 Wochen sind zu erwarten<\/p>\n","protected":false},"excerpt":{"rendered":"<table class=\"ui small compact lazy basic table ts1\" cellspacing=\"0\" cellpadding=\"0\">\n<tbody>\n<tr>\n<td>Artikel:<\/td>\n<td>10270020 \/ EAN : 4250580434207 V1 Street Performance<\/td>\n<\/tr>\n<tr>\n<td>Tieferlegung VA \/ HA:<\/td>\n<td><strong>-30 bis -55mm \/ -30 bis -55mm<\/strong><\/td>\n<\/tr>\n<tr>\n<td>Achslast VA\/HA:<\/td>\n<td><strong>-1000kg \/ -900kg<\/strong><\/td>\n<\/tr>\n<tr>\n<td><strong>WICHTIG :<\/strong><\/td>\n<td><strong>Bei der Produktauswahl m\u00fcssen die Gewichtseigenschaften mit den Eigenschaften Ihres Fahrzeugs \u00fcbereinstimmen (1= Gewicht an der Vorderachse \/ 2= Gewicht an der Hinterachse).<img fetchpriority=\"high\" decoding=\"async\" class=\"alignnone wp-image-69472\" src=\"https:\/\/swisstechauto.ch\/wp-content\/uploads\/2024\/02\/poid-essieu-exemple.jpg\" alt=\"\" width=\"300\" height=\"167\" srcset=\"https:\/\/swisstechauto.ch\/wp-content\/uploads\/2024\/02\/poid-essieu-exemple.jpg 360w, https:\/\/swisstechauto.ch\/wp-content\/uploads\/2024\/02\/poid-essieu-exemple-64x36.jpg 64w, https:\/\/swisstechauto.ch\/wp-content\/uploads\/2024\/02\/poid-essieu-exemple-300x167.jpg 300w\" sizes=\"(max-width: 300px) 100vw, 300px\" \/><\/strong><\/td>\n<\/tr>\n<tr>\n<td>Inhalt:<\/td>\n<td>Set VA Gewindefederbeine, HA Federn mit H\u00f6henverstellung + D\u00e4mpfer<\/td>\n<\/tr>\n<tr>\n<td>Hinweise:<\/td>\n<td>\n<ul class=\"hinweis_list\">\n<li><strong>Dieses Kit ist nicht f\u00fcr Fahrzeuge mit elektronischer D\u00e4mpfungsregelung<\/strong><\/li>\n<li>Die D\u00e4mpfer werden mit einem Einstellrad eingestellt. Durch seine Konstruktion nur bei zug\u00e4nglicher Kolbenstange in Entspannung.<\/li>\n<li>Bei der Verwendung mit Standardr\u00e4dern\/-reifen k\u00f6nnen Radabstandshalter (Distanzscheiben, Spurverbreiterungen) erforderlich sein.<\/li>\n<\/ul>\n<\/td>\n<\/tr>\n<tr>\n<td>Verwenden :<\/td>\n<td>Stra\u00dfenzulassung nach Anmeldung \/ Kostenlose Lieferung in der Schweiz mit Zertifikat f\u00fcr Tieferlegung bis -40mm. Ab -40mm oder f\u00fcr den Einbau von DCC-Trennmodulen ist zus\u00e4tzlich ein DTC-Zertifikat zum Preis von 95,- erforderlich.<\/td>\n<\/tr>\n<tr>\n<td>Information :<\/td>\n<td>Lieferung ohne DCC-Trennmodule. Bei Fahrzeugen, die mit geregelten Federungen ausgestattet sind, m\u00fcssen diese ausgeschalten werden. Sie finden das Trennmodul in unserem KW-Sortiment oder \u00fcber die Suchleiste unter der Referenz: DCC<\/p>\n<p>&nbsp;<\/td>\n<\/tr>\n<\/tbody>\n<\/table>\n","protected":false},"featured_media":72642,"comment_status":"closed","ping_status":"closed","template":"","meta":[],"pwb-brand":[13177],"product_brand":[5926],"product_cat":[5166,5540],"product_tag":[],"class_list":{"0":"post-75062","1":"product","2":"type-product","3":"status-publish","4":"has-post-thumbnail","6":"pwb-brand-kw-suspensions","7":"product_brand-kw-suspensions-de","8":"product_cat-fahrwerkstechnik","9":"product_cat-gewindefahrwerke","11":"first","12":"instock","13":"taxable","14":"shipping-taxable","15":"purchasable","16":"product-type-simple"},"brands":[{"id":13177,"name":"KW Suspensions","slug":"kw-suspensions"}],"_links":{"self":[{"href":"https:\/\/swisstechauto.ch\/de\/wp-json\/wp\/v2\/product\/75062","targetHints":{"allow":["GET"]}}],"collection":[{"href":"https:\/\/swisstechauto.ch\/de\/wp-json\/wp\/v2\/product"}],"about":[{"href":"https:\/\/swisstechauto.ch\/de\/wp-json\/wp\/v2\/types\/product"}],"replies":[{"embeddable":true,"href":"https:\/\/swisstechauto.ch\/de\/wp-json\/wp\/v2\/comments?post=75062"}],"version-history":[{"count":0,"href":"https:\/\/swisstechauto.ch\/de\/wp-json\/wp\/v2\/product\/75062\/revisions"}],"wp:featuredmedia":[{"embeddable":true,"href":"https:\/\/swisstechauto.ch\/de\/wp-json\/wp\/v2\/media\/72642"}],"wp:attachment":[{"href":"https:\/\/swisstechauto.ch\/de\/wp-json\/wp\/v2\/media?parent=75062"}],"wp:term":[{"taxonomy":"pwb-brand","embeddable":true,"href":"https:\/\/swisstechauto.ch\/de\/wp-json\/wp\/v2\/pwb-brand?post=75062"},{"taxonomy":"product_brand","embeddable":true,"href":"https:\/\/swisstechauto.ch\/de\/wp-json\/wp\/v2\/product_brand?post=75062"},{"taxonomy":"product_cat","embeddable":true,"href":"https:\/\/swisstechauto.ch\/de\/wp-json\/wp\/v2\/product_cat?post=75062"},{"taxonomy":"product_tag","embeddable":true,"href":"https:\/\/swisstechauto.ch\/de\/wp-json\/wp\/v2\/product_tag?post=75062"}],"curies":[{"name":"wp","href":"https:\/\/api.w.org\/{rel}","templated":true}]}}