{"id":75007,"date":"2024-05-23T14:31:11","date_gmt":"2024-05-23T13:31:11","guid":{"rendered":"https:\/\/swisstechauto.ch\/produit\/front-diffusor-v-1-peugeot-208-gti-mk1\/"},"modified":"2024-05-23T15:58:20","modified_gmt":"2024-05-23T14:58:20","slug":"front-diffusor-v-1-peugeot-208-gti-mk1","status":"publish","type":"product","link":"https:\/\/swisstechauto.ch\/de\/produkt\/front-diffusor-v-1-peugeot-208-gti-mk1\/","title":{"rendered":"FRONT DIFFUSOR V.1 PEUGEOT 208 GTI MK1"},"content":{"rendered":"","protected":false},"excerpt":{"rendered":"<p class=\"def\"><strong>Front Diffusor V.1 Peugeot 208 GTI MK1 <\/strong><\/p>\n<p class=\"def\"><strong><span class=\"def\">Passend auf : Peugeot 208 GTi Mk1 2013 &#8211; 2015 <\/span><\/strong><\/p>\n<p class=\"def\"><strong>      <\/strong><\/p>\n<p class=\"def\">Inhalt des Sets :<\/p>\n<p class=\"def\"><span class=\"def\"> Frontlippe + Montagezubeh\u00f6r<\/span> <span class=\"def\"> + Anleitung<\/span><\/p>\n<p>Zulassungsgenehmigung mit <strong>obligatorischer<\/strong> Verkehrserlaubnis (nicht im Lieferumfang enthalten) <a href=\"https:\/\/swisstechauto.ch\/de\/kontakt\/\">Kontaktieren Sie uns<\/a><\/p>\n<p class=\"def\"><span class=\"def\"> <\/span><\/p>\n<div class=\"param_informacje_label\">PRODUKTINFORMATION<\/div>\n<div class=\"param_informacje_desc\">\n<ul>\n<li>Oberfl\u00e4chenfarbe : Schwarz glanz<\/li>\n<li><span class=\"def\">Dieses Produkt wurde zertifiziert (genehmigt), erfordert jedoch einen DTC (Fussg\u00e4ngertest), um in der Schweiz verkehren zu d\u00fcrfen<\/span><\/li>\n<li>Langlebiges Material, hergestellt aus ABS-Kunststoff<\/li>\n<li><span class=\"def\">Der Front Diffusor ist schwarz, sie ist montagefertig.<\/span><br class=\"def\"><span class=\"def\">Es sind keine zus\u00e4tzlichen Arbeiten erforderlich, ausser Sie m\u00f6chten eine andere Farbe haben. Wenn <\/span>Sie sich entscheiden, die Teile zu lackieren, sollte vor dem Lackieren eine Grundierung aufgetragen werden.<\/li>\n<li>Auf jedem St\u00fcck befindet sich ein Etikett, das die Echtheit und Qualit\u00e4t des Produkts best\u00e4tigt. Es ist <strong>obligatorisch<\/strong>, es sichtbar zu halten.<\/li>\n<\/ul>\n<\/div>\n<p class=\"def\"><span class=\"def\"> <\/span><\/p>\n<p class=\"def\"><span class=\"def\">LIEFERUNG:<\/span><span style=\"font-size: 14px; font-weight: 600;\">Die vom Hersteller gesch\u00e4tzte Produktionszeit betr\u00e4gt 42 Tage.<\/span><span id=\"projector_delivery_days\" class=\"projector_delivery_days\">Dazu kommt eine Transportzeit von bis zu 8 Tagen.<\/span><\/p>\n<div><\/div>\n<div>Wir wissen, dass diese Verz\u00f6gerung st\u00f6rend sein kann. Es handelt sich um ein <strong>exklusives Produkt, auf Anfrage produziert.<\/strong><\/div>\n<div>Da sie von der Fabrik abh\u00e4ngig ist, sind <strong>die Fristen<\/strong> unabh\u00e4ngig vom H\u00e4ndler gleich.<\/div>\n","protected":false},"featured_media":74978,"comment_status":"open","ping_status":"closed","template":"","meta":[],"pwb-brand":[],"product_brand":[5939],"product_cat":[5173,5559],"product_tag":[],"class_list":{"0":"post-75007","1":"product","2":"type-product","3":"status-publish","4":"has-post-thumbnail","6":"product_brand-maxton-design-de","7":"product_cat-body-kits-aerodynamische-teile","8":"product_cat-frontlippe-spoilerlippe","10":"first","11":"instock","12":"sale","13":"taxable","14":"shipping-taxable","15":"purchasable","16":"product-type-simple"},"brands":[],"_links":{"self":[{"href":"https:\/\/swisstechauto.ch\/de\/wp-json\/wp\/v2\/product\/75007","targetHints":{"allow":["GET"]}}],"collection":[{"href":"https:\/\/swisstechauto.ch\/de\/wp-json\/wp\/v2\/product"}],"about":[{"href":"https:\/\/swisstechauto.ch\/de\/wp-json\/wp\/v2\/types\/product"}],"replies":[{"embeddable":true,"href":"https:\/\/swisstechauto.ch\/de\/wp-json\/wp\/v2\/comments?post=75007"}],"version-history":[{"count":0,"href":"https:\/\/swisstechauto.ch\/de\/wp-json\/wp\/v2\/product\/75007\/revisions"}],"wp:featuredmedia":[{"embeddable":true,"href":"https:\/\/swisstechauto.ch\/de\/wp-json\/wp\/v2\/media\/74978"}],"wp:attachment":[{"href":"https:\/\/swisstechauto.ch\/de\/wp-json\/wp\/v2\/media?parent=75007"}],"wp:term":[{"taxonomy":"pwb-brand","embeddable":true,"href":"https:\/\/swisstechauto.ch\/de\/wp-json\/wp\/v2\/pwb-brand?post=75007"},{"taxonomy":"product_brand","embeddable":true,"href":"https:\/\/swisstechauto.ch\/de\/wp-json\/wp\/v2\/product_brand?post=75007"},{"taxonomy":"product_cat","embeddable":true,"href":"https:\/\/swisstechauto.ch\/de\/wp-json\/wp\/v2\/product_cat?post=75007"},{"taxonomy":"product_tag","embeddable":true,"href":"https:\/\/swisstechauto.ch\/de\/wp-json\/wp\/v2\/product_tag?post=75007"}],"curies":[{"name":"wp","href":"https:\/\/api.w.org\/{rel}","templated":true}]}}