{"id":74681,"date":"2024-02-01T17:55:07","date_gmt":"2024-02-01T16:55:07","guid":{"rendered":"https:\/\/swisstechauto.ch\/produit\/rohana-rfx1-felgen\/"},"modified":"2024-02-01T17:55:07","modified_gmt":"2024-02-01T16:55:07","slug":"rohana-rfx1-felgen","status":"publish","type":"product","link":"https:\/\/swisstechauto.ch\/de\/produkt\/rohana-rfx1-felgen\/","title":{"rendered":"Rohana RFX1-Felgen"},"content":{"rendered":"<pre class=\"tw-data-text tw-text-large tw-ta\" data-placeholder=\"Traduction\" data-ved=\"2ahUKEwirgN3Z1eaDAxXDUqQEHXK2DukQ3ewLegQIBRAQ\"><span class=\"Y2IQFc\" lang=\"fr\">La RFX1 est dot\u00e9 d'une disposition \u00e0 10 rayons droits. Gr\u00e2ce aux 10 rayons sym\u00e9triques, la charge est r\u00e9partie uniform\u00e9ment, ce qui donne une roue suffisamment durable pour r\u00e9sister aux conditions les plus difficiles.\n\n\n\n<\/span><\/pre>\n<p>Die Rollen der RFX-Serie sind mit Cross Forged-Technologie gebaut. Bei dieser Technik werden drei hydraulische Rollen unter Druck und Hitze eingesetzt, um die Radtrommel auf den angegebenen Durchmesser zu strecken.<\/p>\n<p>W\u00e4hrend sich das Rad dreht, dehnen und komprimieren die Rollen die Legierung, wodurch die allgemeine strukturelle Steifigkeit und Haltbarkeit des Rads verbessert wird.<\/p>\n<p>Diese Art der Radherstellung f\u00fchrt auf gleichm\u00e4\u00dfige und nat\u00fcrliche Weise zu einer drastischen Gewichtsreduzierung.<\/p>\n<pre id=\"tw-target-text\" class=\"tw-data-text tw-text-large tw-ta\" data-placeholder=\"Traduction\" data-ved=\"2ahUKEwirgN3Z1eaDAxXDUqQEHXK2DukQ3ewLegQIBRAQ\"><span class=\"Y2IQFc\" lang=\"fr\"> <\/span><\/pre>\n","protected":false},"excerpt":{"rendered":"<p>La RFX1 est dot\u00e9 d&#8217;une disposition \u00e0 10 rayons droits. Gr\u00e2ce aux 10 rayons sym\u00e9triques, la charge est r\u00e9partie uniform\u00e9ment, ce qui donne une roue suffisamment durable pour r\u00e9sister aux conditions les plus difficiles. Die Rollen der RFX-Serie sind mit Cross Forged-Technologie gebaut. Bei dieser Technik werden drei hydraulische Rollen unter Druck und Hitze eingesetzt, [&hellip;]<\/p>\n","protected":false},"featured_media":69647,"comment_status":"open","ping_status":"closed","template":"","meta":[],"pwb-brand":[],"product_brand":[5970],"product_cat":[5453,5160],"product_tag":[],"class_list":{"0":"post-74681","1":"product","2":"type-product","3":"status-publish","4":"has-post-thumbnail","6":"product_brand-rohana-de","7":"product_cat-felgen","8":"product_cat-felgen-reifen-zubehor","10":"first","11":"instock","12":"sale","13":"taxable","14":"shipping-taxable","15":"purchasable","16":"product-type-variable","17":"has-default-attributes"},"brands":[],"_links":{"self":[{"href":"https:\/\/swisstechauto.ch\/de\/wp-json\/wp\/v2\/product\/74681","targetHints":{"allow":["GET"]}}],"collection":[{"href":"https:\/\/swisstechauto.ch\/de\/wp-json\/wp\/v2\/product"}],"about":[{"href":"https:\/\/swisstechauto.ch\/de\/wp-json\/wp\/v2\/types\/product"}],"replies":[{"embeddable":true,"href":"https:\/\/swisstechauto.ch\/de\/wp-json\/wp\/v2\/comments?post=74681"}],"version-history":[{"count":0,"href":"https:\/\/swisstechauto.ch\/de\/wp-json\/wp\/v2\/product\/74681\/revisions"}],"wp:featuredmedia":[{"embeddable":true,"href":"https:\/\/swisstechauto.ch\/de\/wp-json\/wp\/v2\/media\/69647"}],"wp:attachment":[{"href":"https:\/\/swisstechauto.ch\/de\/wp-json\/wp\/v2\/media?parent=74681"}],"wp:term":[{"taxonomy":"pwb-brand","embeddable":true,"href":"https:\/\/swisstechauto.ch\/de\/wp-json\/wp\/v2\/pwb-brand?post=74681"},{"taxonomy":"product_brand","embeddable":true,"href":"https:\/\/swisstechauto.ch\/de\/wp-json\/wp\/v2\/product_brand?post=74681"},{"taxonomy":"product_cat","embeddable":true,"href":"https:\/\/swisstechauto.ch\/de\/wp-json\/wp\/v2\/product_cat?post=74681"},{"taxonomy":"product_tag","embeddable":true,"href":"https:\/\/swisstechauto.ch\/de\/wp-json\/wp\/v2\/product_tag?post=74681"}],"curies":[{"name":"wp","href":"https:\/\/api.w.org\/{rel}","templated":true}]}}