{"id":72648,"date":"2024-04-24T00:46:14","date_gmt":"2024-04-23T23:46:14","guid":{"rendered":"https:\/\/swisstechauto.ch\/?post_type=product&#038;p=72648"},"modified":"2024-06-01T00:08:04","modified_gmt":"2024-05-31T23:08:04","slug":"kw-gewindefahrwerk-v1-inox-30-50-30-50-copie","status":"publish","type":"product","link":"https:\/\/swisstechauto.ch\/de\/produkt\/kw-gewindefahrwerk-v1-inox-30-50-30-50-copie\/","title":{"rendered":"KW Gewindefahrwerk V1 inox 15-35\/20-40"},"content":{"rendered":"","protected":false},"excerpt":{"rendered":"<table style=\"height: 851px;\" width=\"985\">\n<tbody>\n<tr>\n<td>Artikel-Nr.:<\/td>\n<td>102200CG \/ EAN : 4250580499022 V1 Street Performance<\/td>\n<\/tr>\n<tr>\n<td>Tieferlegung VA \/ HA:<\/td>\n<td>-15 bis -35mm \/ -20 bis -40mm<\/td>\n<\/tr>\n<tr>\n<td>Achslast VA\/HA:<\/td>\n<td>-880kg \/ -995kg<\/td>\n<\/tr>\n<tr>\n<td><strong>HINWEISE:<\/strong><\/td>\n<td> <strong> Bei der Auswahl des Produkts m\u00fcssen die Gewichtseigenschaften mit denen des Fahrzeugs \u00fcbereinstimmen. <\/strong><strong>mit den Eigenschaften Ihres Fahrzeugs \u00fcbereinstimmen (1= Achslast vorne \/ 2= Achslast hinten).<\/strong><\/p>\n<p><img fetchpriority=\"high\" decoding=\"async\" class=\"alignnone wp-image-69472\" src=\"https:\/\/swisstechauto.ch\/wp-content\/uploads\/2024\/02\/poid-essieu-exemple.jpg\" alt=\"\" width=\"327\" height=\"182\" srcset=\"https:\/\/swisstechauto.ch\/wp-content\/uploads\/2024\/02\/poid-essieu-exemple.jpg 360w, https:\/\/swisstechauto.ch\/wp-content\/uploads\/2024\/02\/poid-essieu-exemple-64x36.jpg 64w, https:\/\/swisstechauto.ch\/wp-content\/uploads\/2024\/02\/poid-essieu-exemple-300x167.jpg 300w\" sizes=\"(max-width: 327px) 100vw, 327px\" \/><\/td>\n<\/tr>\n<tr>\n<td>Inhalt:<\/td>\n<td>Bausatz Frontstreben mit Gewinde, Heckfedern mit H\u00f6henverstellung + Sto\u00dfd\u00e4mpfer<\/td>\n<\/tr>\n<tr>\n<td>Hinweise:<\/td>\n<td>\n<ul class=\"hinweis_list\">\n<li><strong>Dieses Kit ist nicht f\u00fcr Fahrzeuge mit elektronischer D\u00e4mpfungsregelung<\/strong><\/li>\n<li>Die D\u00e4mpfer werden mit einem Einstellrad eingestellt. Durch seine Konstruktion nur bei zug\u00e4nglicher Kolbenstange in Entspannung.<\/li>\n<li>Bei der Verwendung mit Standardr\u00e4dern\/-reifen k\u00f6nnen Radabstandshalter (Distanzscheiben, Spurverbreiterungen) erforderlich sein.<\/li>\n<\/ul>\n<\/td>\n<\/tr>\n<tr>\n<td>Anwendung:<\/td>\n<td>Strassenzulassung nach Anmeldung\/ Kostenloser Versand in der Schweiz mit Zertifikat f\u00fcr Tieferlegung bis -40mm, Ab -40mm wird ein DTC-Zertifikat zum Preis von 95. &#8211; erforderlich<\/td>\n<\/tr>\n<tr>\n<td>Hinweis:<\/td>\n<td>\n<table class=\"ts1\" cellspacing=\"0\" cellpadding=\"0\">\n<tbody>\n<tr>\n<td>Bei Fahrzeugen mit elektronischer D\u00e4mpferregelung muss diese stillgelegt werden. Sie finden das Trennmodul in unserem KW-Sortiment oder \u00fcber die Suchleiste unter der Referenz: DCC<\/td>\n<\/tr>\n<\/tbody>\n<\/table>\n<\/td>\n<\/tr>\n<\/tbody>\n<\/table>\n<div>\n[embed]https:\/\/youtu.be\/hjOFobxfJy4[\/embed]\n<\/div>\n","protected":false},"featured_media":72642,"comment_status":"closed","ping_status":"closed","template":"","meta":[],"pwb-brand":[],"product_brand":[5926],"product_cat":[5166,5540],"product_tag":[],"class_list":{"0":"post-72648","1":"product","2":"type-product","3":"status-publish","4":"has-post-thumbnail","6":"product_brand-kw-suspensions-de","7":"product_cat-fahrwerkstechnik","8":"product_cat-gewindefahrwerke","10":"first","11":"instock","12":"taxable","13":"shipping-taxable","14":"purchasable","15":"product-type-simple"},"brands":[],"_links":{"self":[{"href":"https:\/\/swisstechauto.ch\/de\/wp-json\/wp\/v2\/product\/72648","targetHints":{"allow":["GET"]}}],"collection":[{"href":"https:\/\/swisstechauto.ch\/de\/wp-json\/wp\/v2\/product"}],"about":[{"href":"https:\/\/swisstechauto.ch\/de\/wp-json\/wp\/v2\/types\/product"}],"replies":[{"embeddable":true,"href":"https:\/\/swisstechauto.ch\/de\/wp-json\/wp\/v2\/comments?post=72648"}],"version-history":[{"count":0,"href":"https:\/\/swisstechauto.ch\/de\/wp-json\/wp\/v2\/product\/72648\/revisions"}],"wp:featuredmedia":[{"embeddable":true,"href":"https:\/\/swisstechauto.ch\/de\/wp-json\/wp\/v2\/media\/72642"}],"wp:attachment":[{"href":"https:\/\/swisstechauto.ch\/de\/wp-json\/wp\/v2\/media?parent=72648"}],"wp:term":[{"taxonomy":"pwb-brand","embeddable":true,"href":"https:\/\/swisstechauto.ch\/de\/wp-json\/wp\/v2\/pwb-brand?post=72648"},{"taxonomy":"product_brand","embeddable":true,"href":"https:\/\/swisstechauto.ch\/de\/wp-json\/wp\/v2\/product_brand?post=72648"},{"taxonomy":"product_cat","embeddable":true,"href":"https:\/\/swisstechauto.ch\/de\/wp-json\/wp\/v2\/product_cat?post=72648"},{"taxonomy":"product_tag","embeddable":true,"href":"https:\/\/swisstechauto.ch\/de\/wp-json\/wp\/v2\/product_tag?post=72648"}],"curies":[{"name":"wp","href":"https:\/\/api.w.org\/{rel}","templated":true}]}}