{"id":122519,"date":"2026-03-07T23:20:04","date_gmt":"2026-03-07T22:20:04","guid":{"rendered":"https:\/\/swisstechauto.ch\/produit\/auspuff-grail-bmw-m3-g80\/"},"modified":"2026-03-11T03:35:40","modified_gmt":"2026-03-11T02:35:40","slug":"auspuff-grail-bmw-m3-g80","status":"publish","type":"product","link":"https:\/\/swisstechauto.ch\/de\/produkt\/auspuff-grail-bmw-m3-g80\/","title":{"rendered":"Auspuffanlage Grail f\u00fcr BMW M3 G80 \/ G80 Competition"},"content":{"rendered":"<div class=\"AdPoic\" role=\"heading\" aria-level=\"3\" data-animation-nesting=\"\" data-sfc-cp=\"\" data-sfc-cb=\"\" data-complete=\"true\" data-sae=\"\">\n<div class=\"Y3BBE\" data-sfc-cp=\"\" data-sfc-cb=\"\" data-hveid=\"CAEICBAA\" data-complete=\"true\"><code class=\"o8j0Mc\" dir=\"ltr\" data-sfc-cb=\"\" data-complete=\"true\" data-sae=\"\">\u00c9chappement Grail BMW M3 G80<\/code><\/div>\n<p>Die ultimative Auspuffanlage f\u00fcr den BMW M3 G80<\/p>\n<\/div>\n<div class=\"Y3BBE\" data-sfc-cp=\"\" data-sfc-cb=\"\" data-hveid=\"CAEICRAA\" data-complete=\"true\">Das speziell f\u00fcr den S58-Motor der neuen <a href=\"https:\/\/de.wikipedia.org\/wiki\/BMW_M3\" target=\"_blank\" rel=\"noopener\">BMW M3<\/a> (Limousine) und M3 Touring entwickelte <strong class=\"Yjhzub\" data-sfc-cb=\"\" data-complete=\"true\">Grail OPF-Back-System<\/strong> ver\u00e4ndert das Fahrerlebnis radikal. Wo der Originalauspuff aufgrund von Umweltstandards ged\u00e4mpft klingt, gibt Grail dem 6-Zylinder-Biturbo seine nat\u00fcrliche Stimme zur\u00fcck.<\/div>\n<div class=\"AdPoic\" role=\"heading\" aria-level=\"3\" data-animation-nesting=\"\" data-sfc-cp=\"\" data-sfc-cb=\"\" data-complete=\"true\" data-sae=\"\">Intelligente Ventiltechnologie<\/div>\n<div class=\"Y3BBE\" data-sfc-cp=\"\" data-sfc-cb=\"\" data-hveid=\"CAEICRAB\" data-complete=\"true\">Das System l\u00e4sst sich perfekt in die Elektronik Ihres BMW integrieren. Im <strong class=\"Yjhzub\" data-sfc-cb=\"\" data-complete=\"true\">Efficient<\/strong>-Modus bleibt der Sound auf langen Fahrten dezent. Sobald Sie in den <strong class=\"Yjhzub\" data-sfc-cb=\"\" data-complete=\"true\">Sport- oder Sport+<\/strong>-Modus wechseln, \u00f6ffnen sich die Klappen und setzen einen kraftvollen, harmonischen \u201eStraight Pipe\u201d-Sound frei, der dennoch die in der Schweiz geltenden L\u00e4rmgrenzwerte einh\u00e4lt.<\/div>\n<div class=\"AdPoic\" role=\"heading\" aria-level=\"3\" data-animation-nesting=\"\" data-sfc-cp=\"\" data-sfc-cb=\"\" data-complete=\"true\" data-sae=\"\">Vollst\u00e4ndige Konformit\u00e4t in der Schweiz (CH-Zertifikat)<\/div>\n<div class=\"Y3BBE\" data-sfc-cp=\"\" data-sfc-cb=\"\" data-hveid=\"CAEICRAC\" data-complete=\"true\">Im Gegensatz zu importierten Systemen ohne Dokumente ist die Grail-Auspuffanlage f\u00fcr den BMW M3 G80 <strong class=\"Yjhzub\" data-sfc-cb=\"\" data-complete=\"true\">zugelassen<\/strong>, und wir liefern Ihnen die f\u00fcr Ihr Fahrzeug spezifische <a href=\"https:\/\/asa.ch\/\" target=\"_blank\" rel=\"noopener\">Schweizer Zulassungs<\/a><strong class=\"Yjhzub\" data-sfc-cb=\"\" data-complete=\"true\">bescheinigung<\/strong>. So k\u00f6nnen Sie beruhigt fahren: Bei Ihrer n\u00e4chsten Hauptuntersuchung oder einer Verkehrskontrolle gibt es keine Probleme.<\/div>\n<div class=\"AdPoic\" role=\"heading\" aria-level=\"3\" data-animation-nesting=\"\" data-sfc-cp=\"\" data-sfc-cb=\"\" data-complete=\"true\" data-sae=\"\">Technische Daten:<\/div>\n<ul class=\"KsbFXc U6u95\" data-sfc-cb=\"\" data-complete=\"true\">\n<li class=\"dF3vjf\" data-sfc-cb=\"\" data-hveid=\"CAEICRAD\" data-complete=\"true\" data-sae=\"\"><span class=\"T286Pc\" data-sfc-cp=\"\" data-sfc-cb=\"\" data-complete=\"true\"><strong class=\"Yjhzub\" data-sfc-cb=\"\" data-complete=\"true\">Durchmesser<\/strong>: 76 mm (3 Zoll) f\u00fcr optimalen Gasfluss.<\/span><\/li>\n<li class=\"dF3vjf\" data-sfc-cb=\"\" data-hveid=\"CAEICRAE\" data-complete=\"true\" data-sae=\"\"><span class=\"T286Pc\" data-sfc-cp=\"\" data-sfc-cb=\"\" data-complete=\"true\"><strong class=\"Yjhzub\" data-sfc-cb=\"\" data-complete=\"true\">Material<\/strong>: Hochwertiger Edelstahl (V2A) korrosionsbest\u00e4ndig.<\/span><\/li>\n<li class=\"dF3vjf\" data-sfc-cb=\"\" data-hveid=\"CAEICRAF\" data-complete=\"true\" data-sae=\"\"><span class=\"T286Pc\" data-sfc-cp=\"\" data-sfc-cb=\"\" data-complete=\"true\"><strong class=\"Yjhzub\" data-sfc-cb=\"\" data-complete=\"true\">Kompatibilit\u00e4t<\/strong>: BMW M3 G80, G81, Heckantrieb- und xDrive-Versionen.<\/span><\/li>\n<li class=\"dF3vjf\" data-sfc-cb=\"\" data-hveid=\"CAEICRAG\" data-complete=\"true\" data-sae=\"\"><span class=\"T286Pc\" data-sfc-cp=\"\" data-sfc-cb=\"\" data-complete=\"true\"><strong class=\"Yjhzub\" data-sfc-cb=\"\" data-complete=\"true\">Ausf\u00fchrung<\/strong>: Individuell anpassbare Endst\u00fccke (Edelstahl, Mattschwarz).<\/span><\/li>\n<li class=\"dF3vjf\" data-sfc-cb=\"\" data-hveid=\"CAEICRAH\" data-complete=\"true\" data-sae=\"\"><span class=\"T286Pc\" data-sfc-cp=\"\" data-sfc-cb=\"\" data-complete=\"true\"><strong class=\"Yjhzub\" data-sfc-cb=\"\" data-complete=\"true\">Fertigung<\/strong>: Made in Germany mit hochpr\u00e4zisen TIG-Schweissn\u00e4hten.<\/span><\/li>\n<\/ul>\n<div class=\"Y3BBE\" data-sfc-cp=\"\" data-sfc-cb=\"\" data-hveid=\"CAEICRAI\" data-complete=\"true\" aria-owns=\"action-menu-parent-container\"><strong class=\"Yjhzub\" data-sfc-cb=\"\" data-complete=\"true\">Lieferumfang<\/strong>: Grail Auspuffanlage BMW M3 G80 nach OPF, Klappensteuerung, Montagematerial und Schweizer Zertifikat.<\/div>\n<div data-sfc-cp=\"\" data-sfc-cb=\"\" data-hveid=\"CAEICRAI\" data-complete=\"true\" aria-owns=\"action-menu-parent-container\"><\/div>\n<div data-sfc-cp=\"\" data-sfc-cb=\"\" data-hveid=\"CAEICRAI\" data-complete=\"true\" aria-owns=\"action-menu-parent-container\">\n<div class=\"AdPoic\" role=\"heading\" aria-level=\"3\" data-animation-nesting=\"\" data-sfc-cp=\"\" data-sfc-cb=\"\" data-complete=\"true\" data-sae=\"\">\n<div class=\"AdPoic\" role=\"heading\" aria-level=\"3\" data-animation-nesting=\"\" data-sfc-cp=\"\" data-sfc-cb=\"\" data-complete=\"true\" data-sae=\"\">\n<blockquote class=\"lQkWXb\" data-animation-nesting=\"\" data-sfc-cb=\"\" data-complete=\"true\" data-processed=\"true\" data-sae=\"\">\n<div class=\"AdPoic\" role=\"heading\" aria-level=\"3\" data-animation-nesting=\"\" data-sfc-cp=\"\" data-sfc-cb=\"\" data-complete=\"true\" data-sae=\"\">Individualisierung: Endrohr-Sets zur Auswahl<\/div>\n<div class=\"Y3BBE\" data-sfc-cp=\"\" data-sfc-cb=\"\" data-hveid=\"CAEIAxAA\" data-complete=\"true\">Um die \u00c4sthetik deines Heckdiffusors zu perfektionieren, bieten wir Sets mit 4 hochpr\u00e4zisen Endrohren an. W\u00e4hle den Durchmesser und das Finish, die zum Look deines BMW M3 G80 passen:<\/div>\n<ul class=\"KsbFXc U6u95\" data-sfc-cb=\"\" data-complete=\"true\">\n<li class=\"dF3vjf\" data-sfc-cb=\"\" data-hveid=\"CAEIAxAB\" data-complete=\"true\" data-sae=\"\"><span class=\"T286Pc\" data-sfc-cp=\"\" data-sfc-cb=\"\" data-complete=\"true\"><strong class=\"Yjhzub\" data-sfc-cb=\"\" data-complete=\"true\">Durchmesser 100 mm (Sport Design)<\/strong>:<\/span>\n<ul class=\"KsbFXc U6u95\" data-sfc-cb=\"\" data-complete=\"true\">\n<li class=\"dF3vjf\" data-sfc-cb=\"\" data-hveid=\"CAEIAxAC\" data-complete=\"true\" data-sae=\"\"><span class=\"T286Pc\" data-sfc-cp=\"\" data-sfc-cb=\"\" data-complete=\"true\"><strong class=\"Yjhzub\" data-sfc-cb=\"\" data-complete=\"true\">Edelstahl Chrom<\/strong>: Der klassische Motorsport-Look, gl\u00e4nzend und zeitlos.<\/span><\/li>\n<li class=\"dF3vjf\" data-sfc-cb=\"\" data-hveid=\"CAEIAxAD\" data-complete=\"true\" data-sae=\"\"><span class=\"T286Pc\" data-sfc-cp=\"\" data-sfc-cb=\"\" data-complete=\"true\"><strong class=\"Yjhzub\" data-sfc-cb=\"\" data-complete=\"true\">Mattschwarz (Keramikbeschichtet)<\/strong>: Hochwertiges Finish mit mattschwarzer <strong class=\"Yjhzub\" data-sfc-cb=\"\" data-complete=\"true\">Keramikbeschichtung<\/strong> f\u00fcr extreme Hitzebest\u00e4ndigkeit und einen Stealth-Look.<\/span><\/li>\n<\/ul>\n<\/li>\n<li class=\"dF3vjf\" data-sfc-cb=\"\" data-hveid=\"CAEIAxAE\" data-complete=\"true\" data-sae=\"\"><span class=\"T286Pc\" data-sfc-cp=\"\" data-sfc-cb=\"\" data-complete=\"true\"><strong class=\"Yjhzub\" data-sfc-cb=\"\" data-complete=\"true\">Durchmesser 115 mm (Radikal Design)<\/strong>:<\/span>\n<ul class=\"KsbFXc U6u95\" data-sfc-cb=\"\" data-complete=\"true\">\n<li class=\"dF3vjf\" data-sfc-cb=\"\" data-hveid=\"CAEIAxAF\" data-complete=\"true\" data-sae=\"\"><span class=\"T286Pc\" data-sfc-cp=\"\" data-sfc-cb=\"\" data-complete=\"true\"><strong class=\"Yjhzub\" data-sfc-cb=\"\" data-complete=\"true\">Edelstahl Chrom<\/strong>: F\u00fcr eine imposante Optik im Diffusor.<\/span><\/li>\n<li class=\"dF3vjf\" data-sfc-cb=\"\" data-hveid=\"CAEIAxAG\" data-complete=\"true\" data-sae=\"\"><span class=\"T286Pc\" data-sfc-cp=\"\" data-sfc-cb=\"\" data-complete=\"true\"><strong class=\"Yjhzub\" data-sfc-cb=\"\" data-complete=\"true\">Mattschwarz (Keramikbeschichtet)<\/strong>: Gleiches Prestige-Finish mit mattschwarzer <strong class=\"Yjhzub\" data-sfc-cb=\"\" data-complete=\"true\">Keramikbeschichtung<\/strong>, passend zum gro\u00dfen Durchmesser von 115 mm.<\/span><\/li>\n<\/ul>\n<\/li>\n<\/ul>\n<div class=\"Y3BBE\" data-sfc-cp=\"\" data-sfc-cb=\"\" data-hveid=\"CAEIAxAH\" data-complete=\"true\"><strong class=\"Yjhzub\" data-sfc-cb=\"\" data-complete=\"true\">Technische Merkmale:<\/strong><\/div>\n<ul class=\"KsbFXc U6u95\" data-sfc-cb=\"\" data-complete=\"true\">\n<li class=\"dF3vjf\" data-sfc-cb=\"\" data-hveid=\"CAEIAxAI\" data-complete=\"true\" data-sae=\"\"><span class=\"T286Pc\" data-sfc-cp=\"\" data-sfc-cb=\"\" data-complete=\"true\"><strong class=\"Yjhzub\" data-sfc-cb=\"\" data-complete=\"true\">Menge<\/strong>: 4-teiliges Set.<\/span><\/li>\n<li class=\"dF3vjf\" data-sfc-cb=\"\" data-hveid=\"CAEIAxAJ\" data-complete=\"true\" data-sae=\"\"><span class=\"T286Pc\" data-sfc-cp=\"\" data-sfc-cb=\"\" data-complete=\"true\"><strong class=\"Yjhzub\" data-sfc-cb=\"\" data-complete=\"true\">Material<\/strong>: Hochwertiger Edelstahl.<\/span><\/li>\n<li class=\"dF3vjf\" data-sfc-cb=\"\" data-hveid=\"CAEIAxAK\" data-complete=\"true\" data-sae=\"\"><span class=\"T286Pc\" data-sfc-cp=\"\" data-sfc-cb=\"\" data-complete=\"true\"><strong class=\"Yjhzub\" data-sfc-cb=\"\" data-complete=\"true\">Finish<\/strong>: Gl\u00e4nzendes Chrom oder Mattschwarz (Keramik).<\/span><\/li>\n<li class=\"dF3vjf\" data-sfc-cb=\"\" data-hveid=\"CAEIAxAL\" data-complete=\"true\" data-sae=\"\"><span class=\"T286Pc\" data-sfc-cp=\"\" data-sfc-cb=\"\" data-complete=\"true\"><strong class=\"Yjhzub\" data-sfc-cb=\"\" data-complete=\"true\">Kompatibilit\u00e4t<\/strong>: Exklusiv f\u00fcr die GRAIL Klappenauspuffanlage BMW M3 G8x<\/span><\/li>\n<\/ul>\n<\/blockquote>\n<p><em class=\"eujQNb\" data-sfc-cb=\"\" data-complete=\"true\" aria-owns=\"action-menu-parent-container\">Hinweis: Alle Endrohre sind mit einer optimierten internen Struktur f\u00fcr das W\u00e4rmemanagement und einer \u201ePlug &amp; Play\u201c-Installation an der Grail-Anlage konzipiert.<\/em><\/p>\n<\/div>\n<\/div>\n<\/div>\n<h2 data-hveid=\"CAEICRAI\" data-complete=\"true\" aria-owns=\"action-menu-parent-container\">Warum der Grail Auspuff BMW M3 G80 die beste Wahl ist?<\/h2>\n<div data-sfc-cp=\"\" data-sfc-cb=\"\" data-hveid=\"CAEICRAI\" data-complete=\"true\" aria-owns=\"action-menu-parent-container\">Handgefertigte Massanfertigung<\/div>\n<div data-sfc-cp=\"\" data-sfc-cb=\"\" data-hveid=\"CAEICRAI\" data-complete=\"true\" aria-owns=\"action-menu-parent-container\">\n<div class=\"Y3BBE\" data-sfc-cp=\"\" data-sfc-cb=\"\" data-hveid=\"CAEICRAA\" data-complete=\"true\" aria-owns=\"action-menu-parent-container\">Im Gegensatz zu Serienprodukten ist jede <strong class=\"Yjhzub\" data-sfc-cb=\"\" data-complete=\"true\">Grail<\/strong>-Auspuffanlage ein technisches Meisterwerk. Aufgrund der hohen Pr\u00e4zision der TIG-Schweissn\u00e4hte und der Sorgfalt, mit der jede einzelne Anlage gefertigt wird, wird diese Grail-Auspuffanlage f\u00fcr den BMW M3 G80 <strong class=\"Yjhzub\" data-sfc-cb=\"\" data-complete=\"true\">ausschliesslich auf Werksbestellung hergestellt.<\/strong> Die durchschnittliche Produktions- und Lieferzeit betr\u00e4gt <strong class=\"Yjhzub\" data-sfc-cb=\"\" data-complete=\"true\">40 bis 60 Tage.<\/strong> Diese Wartezeit ist die Garantie f\u00fcr ein aussergew\u00f6hnliches Produkt, das perfekt auf Ihren BMW M3 G80 abgestimmt ist. <a href=\"https:\/\/swisstechauto.ch\/produit\/echappement-grail-bmw-m3-g80\/\"><strong class=\"Yjhzub\" data-sfc-cb=\"\" data-complete=\"true\" aria-owns=\"action-menu-parent-container\">Bestelle ihn jetzt<\/strong><\/a><\/div>\n<\/div>\n","protected":false},"excerpt":{"rendered":"<div class=\"Y3BBE\" data-sfc-cp=\"\" data-sfc-cb=\"\" data-hveid=\"CAEICBAA\" data-complete=\"true\"><strong class=\"Yjhzub\" data-sfc-cb=\"\" data-complete=\"true\">Schweizer Zulassung (CH-Zertifikat inklusive)<\/strong><\/div>\n<div data-sfc-cp=\"\" data-sfc-cb=\"\" data-hveid=\"CAEICBAA\" data-complete=\"true\"><\/div>\n<div data-sfc-cp=\"\" data-sfc-cb=\"\" data-hveid=\"CAEICBAA\" data-complete=\"true\"><a href=\"https:\/\/swisstechauto.ch\/de\/https-swisstechauto-ch-de-kontakt\/\">Fragen zur Montage oder Zulassung? Unser Expertenteam steht dir zur Verf\u00fcgung. <\/a><\/div>\n<div data-sfc-cp=\"\" data-sfc-cb=\"\" data-hveid=\"CAEICBAA\" data-complete=\"true\"><\/div>\n<div data-sfc-cp=\"\" data-sfc-cb=\"\" data-hveid=\"CAEICBAA\" data-complete=\"true\">\n<div class=\"Y3BBE\" data-sfc-cp=\"\" data-sfc-cb=\"\" data-hveid=\"CAEIBRAA\" data-complete=\"true\"><strong class=\"Yjhzub\" data-sfc-cb=\"\" data-complete=\"true\"><strong class=\"Yjhzub\" data-sfc-cb=\"\" data-complete=\"true\">Entfessle den Sound deines S58-Motors v\u00f6llig legal<br \/>\n<\/strong><\/strong><br data-sfc-pl=\"|[]\" data-sfc-cb=\"\" data-complete=\"true\" \/>Das <strong class=\"Yjhzub\" data-sfc-cb=\"\" data-complete=\"true\">Grail<\/strong> Klappenauspuffsystem f\u00fcr BMW M3 G80 &amp; Competition ist die absolute Referenz, um einen tiefen und aggressiven Sound ohne Kompromisse zu erzielen.<\/div>\n<ul class=\"KsbFXc U6u95\" data-sfc-cb=\"\" data-complete=\"true\">\n<li class=\"dF3vjf\" data-sfc-cb=\"\" data-hveid=\"CAEIBRAB\" data-complete=\"true\" data-sae=\"\"><span class=\"T286Pc\" data-sfc-cp=\"\" data-sfc-cb=\"\" data-complete=\"true\"><strong class=\"Yjhzub\" data-sfc-cb=\"\" data-complete=\"true\">Schweizer Zulassung<\/strong>: Lieferung mit CH-Zertifikat (keine Expertise erforderlich).<\/span><\/li>\n<li class=\"dF3vjf\" data-sfc-cb=\"\" data-hveid=\"CAEIBRAC\" data-complete=\"true\" data-sae=\"\"><span class=\"T286Pc\" data-sfc-cp=\"\" data-sfc-cb=\"\" data-complete=\"true\"><strong class=\"Yjhzub\" data-sfc-cb=\"\" data-complete=\"true\">Originalsteuerung<\/strong>: Nutzt die werkseitigen Klappen und Fahrmodi.<\/span><\/li>\n<li class=\"dF3vjf\" data-sfc-cb=\"\" data-hveid=\"CAEIBRAD\" data-complete=\"true\" data-sae=\"\"><span class=\"T286Pc\" data-sfc-cp=\"\" data-sfc-cb=\"\" data-complete=\"true\"><strong class=\"Yjhzub\" data-sfc-cb=\"\" data-complete=\"true\">Premium-Qualit\u00e4t<\/strong>: Edelstahl L304, handgefertigt.<\/span><\/li>\n<li class=\"dF3vjf\" data-sfc-cb=\"\" data-hveid=\"CAEIBRAE\" data-complete=\"true\" data-sae=\"\"><span class=\"T286Pc\" data-sfc-cp=\"\" data-sfc-cb=\"\" data-complete=\"true\" aria-owns=\"action-menu-parent-container\"><strong class=\"Yjhzub\" data-sfc-cb=\"\" data-complete=\"true\">Installation<\/strong>: Direkte Montage (Plug &amp; Play) an den originalen Befestigungspunkten.<\/span><\/li>\n<\/ul>\n<div class=\"Y3BBE\" data-sfc-cp=\"\" data-sfc-cb=\"\" data-hveid=\"CAEIBRAA\" data-complete=\"true\"><strong class=\"Yjhzub\" data-sfc-cb=\"\" data-complete=\"true\">Verf\u00fcgbarkeit: Auf Werksbestellung (Handfertigung)<\/strong><\/div>\n<ul class=\"KsbFXc U6u95\" data-sfc-cb=\"\" data-complete=\"true\">\n<li class=\"dF3vjf\" data-sfc-cb=\"\" data-hveid=\"CAEIBRAB\" data-complete=\"true\" data-sae=\"\"><span class=\"T286Pc\" data-sfc-cp=\"\" data-sfc-cb=\"\" data-complete=\"true\"><strong class=\"Yjhzub\" data-sfc-cb=\"\" data-complete=\"true\">Lieferzeit<\/strong>: ca. 40 bis 60 Werktage.<\/span><\/li>\n<li class=\"dF3vjf\" data-sfc-cb=\"\" data-hveid=\"CAEIBRAC\" data-complete=\"true\" data-sae=\"\"><span class=\"T286Pc\" data-sfc-cp=\"\" data-sfc-cb=\"\" data-complete=\"true\" aria-owns=\"action-menu-parent-container\">Jedes System wird individuell in Deutschland handgefertigt, um eine un\u00fcbertroffene Verarbeitungsqualit\u00e4t zu gew\u00e4hrleisten.<\/span><\/li>\n<\/ul>\n<\/div>\n[embed]https:\/\/youtu.be\/2j7HAe_SHOI[\/embed]\n<p>&nbsp;<\/p>\n","protected":false},"featured_media":122515,"comment_status":"open","ping_status":"closed","template":"","meta":[],"pwb-brand":[13172],"product_brand":[12776],"product_cat":[5169,5793],"product_tag":[],"class_list":{"0":"post-122519","1":"product","2":"type-product","3":"status-publish","4":"has-post-thumbnail","6":"pwb-brand-grail","7":"product_brand-grail-auspuffanlage-schweiz-de","8":"product_cat-auspuffanlagen","9":"product_cat-cat-back-auspuffanlagen","11":"first","12":"instock","13":"sale","14":"taxable","15":"shipping-taxable","16":"purchasable","17":"product-type-variable"},"brands":[{"id":13172,"name":"Grail","slug":"grail"}],"_links":{"self":[{"href":"https:\/\/swisstechauto.ch\/de\/wp-json\/wp\/v2\/product\/122519","targetHints":{"allow":["GET"]}}],"collection":[{"href":"https:\/\/swisstechauto.ch\/de\/wp-json\/wp\/v2\/product"}],"about":[{"href":"https:\/\/swisstechauto.ch\/de\/wp-json\/wp\/v2\/types\/product"}],"replies":[{"embeddable":true,"href":"https:\/\/swisstechauto.ch\/de\/wp-json\/wp\/v2\/comments?post=122519"}],"version-history":[{"count":0,"href":"https:\/\/swisstechauto.ch\/de\/wp-json\/wp\/v2\/product\/122519\/revisions"}],"wp:featuredmedia":[{"embeddable":true,"href":"https:\/\/swisstechauto.ch\/de\/wp-json\/wp\/v2\/media\/122515"}],"wp:attachment":[{"href":"https:\/\/swisstechauto.ch\/de\/wp-json\/wp\/v2\/media?parent=122519"}],"wp:term":[{"taxonomy":"pwb-brand","embeddable":true,"href":"https:\/\/swisstechauto.ch\/de\/wp-json\/wp\/v2\/pwb-brand?post=122519"},{"taxonomy":"product_brand","embeddable":true,"href":"https:\/\/swisstechauto.ch\/de\/wp-json\/wp\/v2\/product_brand?post=122519"},{"taxonomy":"product_cat","embeddable":true,"href":"https:\/\/swisstechauto.ch\/de\/wp-json\/wp\/v2\/product_cat?post=122519"},{"taxonomy":"product_tag","embeddable":true,"href":"https:\/\/swisstechauto.ch\/de\/wp-json\/wp\/v2\/product_tag?post=122519"}],"curies":[{"name":"wp","href":"https:\/\/api.w.org\/{rel}","templated":true}]}}