{"id":122429,"date":"2025-05-03T22:35:17","date_gmt":"2025-05-03T21:35:17","guid":{"rendered":"https:\/\/swisstechauto.ch\/produit\/auspuff-grail-fuer-audi-rs7-c7\/"},"modified":"2026-03-11T03:35:55","modified_gmt":"2026-03-11T02:35:55","slug":"auspuff-grail-fuer-audi-rs7-c7","status":"publish","type":"product","link":"https:\/\/swisstechauto.ch\/de\/produkt\/auspuff-grail-fuer-audi-rs7-c7\/","title":{"rendered":"Auspuffanlage Grail f\u00fcr Audi RS6 (C7)"},"content":{"rendered":"<h1><strong>Auspuffanlage Grail <\/strong><\/h1>\n<p>&nbsp;<\/p>\n<h1><strong>Loud but Legal<\/strong><\/h1>\n<p>Die GRAIL-Auspuffanlagen mit Klappe sind zugelassen und m\u00fcssen nicht im Fahrzeugschein eingetragen werden. Um die Vorschriften zu erf\u00fcllen, ist lediglich unser Eignungszertifikat erforderlich. Die Grail-Auspuffanlagen werden in Deutschland aus hochwertigem Edelstahl L304 handgefertigt und erzeugen einen einzigartigen Klang, der dir schon beim ersten Start des Motors G\u00e4nsehaut bereiten wird.  <\/p>\n<h3><strong>Loud \u2013 volume maximal<\/strong><\/h3>\n<p>Du f\u00e4hrst deinen GRAIL laut, aber legal.<\/p>\n<p>Dank der intelligenten Steuerung holst du das gesetzlich zul\u00e4ssige Maximum aus deinem Motor heraus.<\/p>\n<p>Durch den Einsatz hocheffizienter Schalld\u00e4mpfer wird au\u00dferhalb der Regelbereiche die maximale Lautst\u00e4rke und ein wunderbarer Motorsound erzielt, da nur in diesen Bereichen die GRAIL-Klappen geschlossen sind und nur in geschlossenem Zustand der Endschalld\u00e4mpfer Teil des Abgasstroms ist.<\/p>\n<p>Dadurch erzielen wir einen reinen Motorensound und maximale Lautst\u00e4rke.<\/p>\n<p>.<\/p>\n<h3>Dein GRAIL kann auch still sein.<\/h3>\n<p>Mit einem GRAIL bekommst du zwei Fahrzeuge in einem.<\/p>\n<p>Die Schalld\u00e4mpfer sind speziell konstruiert und werden im GRAIL-Labor f\u00fcr dein Fahrzeug entwickelt und angepasst. Die Kombination mit massiven Klappen ist nicht nur auf maximale Klangentfaltung bei ge\u00f6ffneten Klappen ausgelegt, sondern auch auf maximale D\u00e4mpfung bei geschlossenen Klappen. <\/p>\n<p>Wenn du dein Fahrzeug in den jeweiligen Testbereichen f\u00e4hrst, ist dein GRAIL nicht lauter als das Seriensystem. H\u00f6chste Qualit\u00e4t und beste Materialien \u2013 so erzielen wir den unvergleichlichen Unterschied zwischen L\u00e4rm und Ruhe, der seit Jahren seinesgleichen sucht. <\/p>\n<h3><strong>Flow<\/strong><\/h3>\n<p>Dein GRAIL wurde so konzipiert, dass der Abgasstrom so weit wie m\u00f6glich reduziert wird. Eine deutliche Verbesserung gegen\u00fcber dem Seriensystem ist dank eines gr\u00f6\u00dferen Rohrdurchmessers und der Reduzierung von Verengungen erkennbar. Dein GRAIL steht den Abgasen nicht im Weg.  <\/p>\n<h3><strong>Massiv<\/strong><\/h3>\n<p>Die CNC-gefr\u00e4sten Edelstahlklappen aus Vollmaterial rasten je nach Modell in den vorgeschriebenen Messbereichen ein und erm\u00f6glichen so die perfekte Kombination aus Gegendruckreduzierung und extremem, reinem Motorensound.<\/p>\n<h3>Qualit\u00e4t made in Germany<\/h3>\n<p>Mit einem GRAIL bekommst du, was du schon immer gesucht hast. H\u00f6chste Verarbeitungsqualit\u00e4t aus besten Materialien in Kombination mit dem bestm\u00f6glichen Klang f\u00fcr dein Fahrzeug. <\/p>\n","protected":false},"excerpt":{"rendered":"<ul>\n<li>\n<h2><strong>Auspuffanlage Grail f\u00fcr Audi RS6 (C7)<\/strong><\/h2>\n<\/li>\n<\/ul>\n<p>&nbsp;<\/p>\n<ul>\n<li><strong>24 Monate Herstellergarantie<\/strong><\/li>\n<li><strong>Montagezubeh\u00f6r im Lieferumfang enthalten<\/strong><\/li>\n<li><strong>Hand Made in Germany<\/strong><\/li>\n<li><strong>CH-Zulassung inklusive <\/strong><\/li>\n<li><strong>Produktion auf Bestellung, Lieferung innerhalb von 40 bis 60 Tagen<\/strong><\/li>\n<li><strong>Sound Check<\/strong> \u25bc<\/li>\n<\/ul>\n[audio mp3=\"https:\/\/swisstechauto.ch\/wp-content\/uploads\/2025\/05\/RS6.mp3\"][\/audio]\n","protected":false},"featured_media":113342,"comment_status":"open","ping_status":"closed","template":"","meta":[],"pwb-brand":[13172],"product_brand":[12776],"product_cat":[5169,5793],"product_tag":[],"class_list":{"0":"post-122429","1":"product","2":"type-product","3":"status-publish","4":"has-post-thumbnail","6":"pwb-brand-grail","7":"product_brand-grail-auspuffanlage-schweiz-de","8":"product_cat-auspuffanlagen","9":"product_cat-cat-back-auspuffanlagen","11":"first","12":"instock","13":"taxable","14":"shipping-taxable","15":"purchasable","16":"product-type-simple"},"brands":[{"id":13172,"name":"Grail","slug":"grail"}],"_links":{"self":[{"href":"https:\/\/swisstechauto.ch\/de\/wp-json\/wp\/v2\/product\/122429","targetHints":{"allow":["GET"]}}],"collection":[{"href":"https:\/\/swisstechauto.ch\/de\/wp-json\/wp\/v2\/product"}],"about":[{"href":"https:\/\/swisstechauto.ch\/de\/wp-json\/wp\/v2\/types\/product"}],"replies":[{"embeddable":true,"href":"https:\/\/swisstechauto.ch\/de\/wp-json\/wp\/v2\/comments?post=122429"}],"version-history":[{"count":0,"href":"https:\/\/swisstechauto.ch\/de\/wp-json\/wp\/v2\/product\/122429\/revisions"}],"wp:featuredmedia":[{"embeddable":true,"href":"https:\/\/swisstechauto.ch\/de\/wp-json\/wp\/v2\/media\/113342"}],"wp:attachment":[{"href":"https:\/\/swisstechauto.ch\/de\/wp-json\/wp\/v2\/media?parent=122429"}],"wp:term":[{"taxonomy":"pwb-brand","embeddable":true,"href":"https:\/\/swisstechauto.ch\/de\/wp-json\/wp\/v2\/pwb-brand?post=122429"},{"taxonomy":"product_brand","embeddable":true,"href":"https:\/\/swisstechauto.ch\/de\/wp-json\/wp\/v2\/product_brand?post=122429"},{"taxonomy":"product_cat","embeddable":true,"href":"https:\/\/swisstechauto.ch\/de\/wp-json\/wp\/v2\/product_cat?post=122429"},{"taxonomy":"product_tag","embeddable":true,"href":"https:\/\/swisstechauto.ch\/de\/wp-json\/wp\/v2\/product_tag?post=122429"}],"curies":[{"name":"wp","href":"https:\/\/api.w.org\/{rel}","templated":true}]}}