{"id":121833,"date":"2025-06-13T21:36:45","date_gmt":"2025-06-13T20:36:45","guid":{"rendered":"https:\/\/swisstechauto.ch\/produit\/remus-sport-edelstahl-auspuff-homologiert-fur-vw-golf-8-gti-clubsport-typ-cd-2-0l-tsi-dsg-221-kw-2020%e2%86%92-mit-partikelfilter-fap-opf\/"},"modified":"2026-03-11T03:35:48","modified_gmt":"2026-03-11T02:35:48","slug":"remus-sport-edelstahl-auspuff-homologiert-fur-vw-golf-8-gti-clubsport-typ-cd-2-0l-tsi-dsg-221-kw-2020%e2%86%92-mit-partikelfilter-fap-opf","status":"publish","type":"product","link":"https:\/\/swisstechauto.ch\/de\/produkt\/remus-sport-edelstahl-auspuff-homologiert-fur-vw-golf-8-gti-clubsport-typ-cd-2-0l-tsi-dsg-221-kw-2020%e2%86%92-mit-partikelfilter-fap-opf\/","title":{"rendered":"REMUS Sport Edelstahl-Auspuff, homologiert f\u00fcr VW Golf 8 GTI Clubsport Typ CD 2.0L TSI DSG 221 kW 2020\u2192 mit Partikelfilter (FAP\/OPF)"},"content":{"rendered":"<p data-start=\"85\" data-end=\"280\"><strong data-start=\"85\" data-end=\"180\">Suchen Sie einen Sportauspuff f\u00fcr den VW Golf 8 GTI Clubsport (Typ CD, 2.0 TSI DSG 221 kW)?<\/strong><br data-start=\"180\" data-end=\"183\" \/>Entdecken Sie diesen hochwertigen REMUS Edelstahl-Endschalld\u00e4mpfer, in der Schweiz homologiert.<\/p>\n<p data-start=\"282\" data-end=\"449\">Steigern Sie die Leistung, den Sound und das Design Ihres VW Golf 8 GTI Clubsport mit diesem <strong data-start=\"375\" data-end=\"409\">Premium-Sportauspuff von REMUS<\/strong>, gefertigt aus langlebigem Edelstahl.<\/p>\n<p data-start=\"451\" data-end=\"798\">Dieses <strong data-start=\"458\" data-end=\"512\">Axle-Back-System nach dem Partikelfilter (OPF\/DPF)<\/strong> mit zentralen Duplex-Endrohren l\u00e4sst sich direkt an den originalen Befestigungspunkten montieren. Dank des vergr\u00f6\u00dferten Durchmessers von \u00d870 mm (statt \u00d865 mm serienm\u00e4\u00dfig) wird der Abgasfluss verbessert und ein messbarer Leistungsgewinn von <strong data-start=\"753\" data-end=\"787\">+5,1 PS und +5,9 Nm Drehmoment<\/strong> erzielt.<\/p>\n<h3 data-start=\"800\" data-end=\"824\">Wichtige Merkmale:<\/h3>\n<ul data-start=\"825\" data-end=\"1350\">\n<li data-start=\"825\" data-end=\"912\">\n<p data-start=\"827\" data-end=\"912\"><strong data-start=\"827\" data-end=\"846\">Kompatibilit\u00e4t:<\/strong> VW Golf 8 GTI Clubsport 2.0 TSI DSG (221 kW \/ Typ CD) \u2013 ab 2020<\/p>\n<\/li>\n<li data-start=\"913\" data-end=\"940\">\n<p data-start=\"915\" data-end=\"940\"><strong data-start=\"915\" data-end=\"928\">Material:<\/strong> Edelstahl<\/p>\n<\/li>\n<li data-start=\"941\" data-end=\"1005\">\n<p data-start=\"943\" data-end=\"1005\"><strong data-start=\"943\" data-end=\"951\">Typ:<\/strong> Absorptionssport-Endschalld\u00e4mpfer, Axle-Back-System<\/p>\n<\/li>\n<li data-start=\"1006\" data-end=\"1048\">\n<p data-start=\"1008\" data-end=\"1048\"><strong data-start=\"1008\" data-end=\"1024\">Durchmesser:<\/strong> \u00d870 mm (Serie \u00d865 mm)<\/p>\n<\/li>\n<li data-start=\"1049\" data-end=\"1135\">\n<p data-start=\"1051\" data-end=\"1135\"><strong data-start=\"1051\" data-end=\"1063\">Montage:<\/strong> Passend auf die originale Aussparung \u2013 Schellen und Adapter inklusive<\/p>\n<\/li>\n<li data-start=\"1136\" data-end=\"1195\">\n<p data-start=\"1138\" data-end=\"1195\"><strong data-start=\"1138\" data-end=\"1148\">Sound:<\/strong> Sportlich-racing, ohne \u00fcberm\u00e4\u00dfige Lautst\u00e4rke<\/p>\n<\/li>\n<li data-start=\"1196\" data-end=\"1275\">\n<p data-start=\"1198\" data-end=\"1275\"><strong data-start=\"1198\" data-end=\"1215\">Homologation:<\/strong> Schweiz (keine \u00c4nderung der Fahrzeugpapiere erforderlich)<\/p>\n<\/li>\n<li data-start=\"1276\" data-end=\"1322\">\n<p data-start=\"1278\" data-end=\"1322\"><strong data-start=\"1278\" data-end=\"1291\">Garantie:<\/strong> 24 Monate Herstellergarantie<\/p>\n<\/li>\n<li data-start=\"1323\" data-end=\"1350\">\n<p data-start=\"1325\" data-end=\"1350\"><strong data-start=\"1325\" data-end=\"1348\">Kostenloser Versand<\/strong><\/p>\n<\/li>\n<\/ul>\n<h3 data-start=\"1352\" data-end=\"1367\">Vorteile:<\/h3>\n<ul data-start=\"1368\" data-end=\"1552\">\n<li data-start=\"1368\" data-end=\"1421\">\n<p data-start=\"1370\" data-end=\"1421\">Reduzierter Gegendruck f\u00fcr bessere Motoransprache<\/p>\n<\/li>\n<li data-start=\"1422\" data-end=\"1456\">\n<p data-start=\"1424\" data-end=\"1456\">Leistungs- und Soundsteigerung<\/p>\n<\/li>\n<li data-start=\"1457\" data-end=\"1507\">\n<p data-start=\"1459\" data-end=\"1507\">Kompatibel mit Benzin-Partikelfilter (OPF\/DPF)<\/p>\n<\/li>\n<li data-start=\"1508\" data-end=\"1552\">\n<p data-start=\"1510\" data-end=\"1552\">Keine Anpassung der Sto\u00dfstange notwendig<\/p>\n<\/li>\n<\/ul>\n<p data-start=\"1554\" data-end=\"1679\"><strong data-start=\"1554\" data-end=\"1566\">Hinweis:<\/strong> Die Serienanlage muss an der vom Hersteller vorgesehenen Stelle gek\u00fcrzt werden, um die Montage zu erm\u00f6glichen.<\/p>\n<h3 data-start=\"1681\" data-end=\"1735\">Warum REMUS f\u00fcr Ihren Golf GTI Clubsport w\u00e4hlen?<\/h3>\n<p data-start=\"1736\" data-end=\"1962\">REMUS ist weltweit f\u00fcr Premium-Sportauspuffanlagen bekannt, gefertigt in \u00d6sterreich und f\u00fcr den Stra\u00dfenverkehr in Europa und der Schweiz homologiert. Dieses Produkt vereint <strong data-start=\"1909\" data-end=\"1959\">Leistung, gesetzliche Konformit\u00e4t und Fahrspa\u00df<\/strong>.<\/p>\n<p data-start=\"1964\" data-end=\"1999\">\ud83d\udce6 <strong data-start=\"1967\" data-end=\"1997\">Im Lieferumfang enthalten:<\/strong><\/p>\n<ul data-start=\"2000\" data-end=\"2139\">\n<li data-start=\"2000\" data-end=\"2035\">\n<p data-start=\"2002\" data-end=\"2035\">Edelstahl-Sportendschalld\u00e4mpfer<\/p>\n<\/li>\n<li data-start=\"2036\" data-end=\"2075\">\n<p data-start=\"2038\" data-end=\"2075\">Endrohre (je nach gew\u00e4hlter Option)<\/p>\n<\/li>\n<li data-start=\"2076\" data-end=\"2112\">\n<p data-start=\"2078\" data-end=\"2112\">Befestigungsschellen und Adapter<\/p>\n<\/li>\n<li data-start=\"2113\" data-end=\"2139\">\n<p data-start=\"2115\" data-end=\"2139\">Schweizer Homologation<\/p>\n<\/li>\n<\/ul>\n","protected":false},"excerpt":{"rendered":"<p>Sportauspuff f\u00fcr VW Golf 8 GTI Clubsport 2.0 TSI DSG 221 kW (2020 \u2192) aus Edelstahl \u00d870 mm. Schweizer Homologation. Sportlicher Sound, einfache Montage, optimierte Leistung.<\/p>\n","protected":false},"featured_media":112680,"comment_status":"open","ping_status":"closed","template":"","meta":[],"pwb-brand":[13183],"product_brand":[5965],"product_cat":[5787,5169],"product_tag":[],"class_list":{"0":"post-121833","1":"product","2":"type-product","3":"status-publish","4":"has-post-thumbnail","6":"pwb-brand-remus","7":"product_brand-remus-de","8":"product_cat-endschalldampfer","9":"product_cat-auspuffanlagen","11":"first","12":"instock","13":"sale","14":"taxable","15":"shipping-taxable","16":"purchasable","17":"product-type-variable"},"brands":[{"id":13183,"name":"Remus","slug":"remus"}],"_links":{"self":[{"href":"https:\/\/swisstechauto.ch\/de\/wp-json\/wp\/v2\/product\/121833","targetHints":{"allow":["GET"]}}],"collection":[{"href":"https:\/\/swisstechauto.ch\/de\/wp-json\/wp\/v2\/product"}],"about":[{"href":"https:\/\/swisstechauto.ch\/de\/wp-json\/wp\/v2\/types\/product"}],"replies":[{"embeddable":true,"href":"https:\/\/swisstechauto.ch\/de\/wp-json\/wp\/v2\/comments?post=121833"}],"version-history":[{"count":0,"href":"https:\/\/swisstechauto.ch\/de\/wp-json\/wp\/v2\/product\/121833\/revisions"}],"wp:featuredmedia":[{"embeddable":true,"href":"https:\/\/swisstechauto.ch\/de\/wp-json\/wp\/v2\/media\/112680"}],"wp:attachment":[{"href":"https:\/\/swisstechauto.ch\/de\/wp-json\/wp\/v2\/media?parent=121833"}],"wp:term":[{"taxonomy":"pwb-brand","embeddable":true,"href":"https:\/\/swisstechauto.ch\/de\/wp-json\/wp\/v2\/pwb-brand?post=121833"},{"taxonomy":"product_brand","embeddable":true,"href":"https:\/\/swisstechauto.ch\/de\/wp-json\/wp\/v2\/product_brand?post=121833"},{"taxonomy":"product_cat","embeddable":true,"href":"https:\/\/swisstechauto.ch\/de\/wp-json\/wp\/v2\/product_cat?post=121833"},{"taxonomy":"product_tag","embeddable":true,"href":"https:\/\/swisstechauto.ch\/de\/wp-json\/wp\/v2\/product_tag?post=121833"}],"curies":[{"name":"wp","href":"https:\/\/api.w.org\/{rel}","templated":true}]}}