{"id":113645,"date":"2024-08-12T03:08:41","date_gmt":"2024-08-12T02:08:41","guid":{"rendered":"https:\/\/www.staging.swisstechauto.ch\/produit\/alpinestars-tech-1-zx-v4-fia-sfi-handschuhe-tar-gray-black-yellow-fluo\/"},"modified":"2026-03-11T03:36:43","modified_gmt":"2026-03-11T02:36:43","slug":"alpinestars-tech-1-zx-v4-fia-sfi-handschuhe-tar-gray-black-yellow-fluo","status":"publish","type":"product","link":"https:\/\/swisstechauto.ch\/de\/produkt\/alpinestars-tech-1-zx-v4-fia-sfi-handschuhe-tar-gray-black-yellow-fluo\/","title":{"rendered":"Alpinestars Tech-1 ZX V4 FIA\/SFI Handschuhe &#8211; TAR GRAY BLACK YELLOW FLUO"},"content":{"rendered":"<h3 data-start=\"113\" data-end=\"193\"><strong data-start=\"117\" data-end=\"193\">Alpinestars Tech-1 ZX V4 FIA\/SFI Handschuhe &#8211; TAR GRAY BLACK YELLOW FLUO<\/strong><\/h3>\n<p data-start=\"195\" data-end=\"1220\">Alpinestars ist st\u00e4ndig auf der Suche nach neuen Wegen, die Sicherheit der Fahrer zu verbessern und ihren Schutz zu erh\u00f6hen. Die neue Generation der Tech-1 ZX V4 Motorsport-Handschuhe bietet eine Verbesserung der W\u00e4rme\u00fcbertragung von fast 20 %. Diese Verbesserung wurde erzielt, w\u00e4hrend die au\u00dfergew\u00f6hnliche Kombination aus Passform, Gef\u00fchl und Grip beibehalten wurde, f\u00fcr die unsere Alpinestars Rennhandschuhe bekannt sind. Entwickelt in Zusammenarbeit mit den besten F1- und Endurance-Fahrern, bieten die Tech-1 ZX V4 Handschuhe au\u00dfergew\u00f6hnlichen Schutz und optimale Temperaturkontrolle, w\u00e4hrend sie die Atmungsaktivit\u00e4t erheblich verbessern, dank der Wabenstruktur auf beiden Seiten der Handschuhe. Die neue 3D-Silikon-Handfl\u00e4che bietet hervorragenden Grip bei einer reduzierten Druckfl\u00e4che, was mehr Gef\u00fchl in den Handschuhen erm\u00f6glicht. Die gekr\u00fcmmte Form der Tech-1 ZX V4 wurde im Vergleich zur vorherigen Version verbessert, was zu einer besseren Passform und weniger Materialansammlung beim Halten des Lenkrads f\u00fchrt.<\/p>\n<h3 data-start=\"1222\" data-end=\"1242\"><strong data-start=\"1226\" data-end=\"1242\">Konstruktion<\/strong><\/h3>\n<p data-start=\"1244\" data-end=\"1453\">Die Hauptstruktur der Tech-1 ZX V4 besteht aus einer feuerfesten Wabenstruktur, Aramidfasern und einem verklebten Aramid-Futter, das eine optimale Temperaturkontrolle sowie maximalen Komfort und Gef\u00fchl bietet.<\/p>\n<h3 data-start=\"1455\" data-end=\"1476\"><strong data-start=\"1459\" data-end=\"1476\">Hauptmerkmale<\/strong><\/h3>\n<ul data-start=\"1478\" data-end=\"1982\">\n<li data-start=\"1478\" data-end=\"1565\">\n<p data-start=\"1480\" data-end=\"1565\"><strong data-start=\"1480\" data-end=\"1497\">Externe N\u00e4hte<\/strong> verhindern Druckstellen und bieten besseren Komfort f\u00fcr den Fahrer.<\/p>\n<\/li>\n<li data-start=\"1566\" data-end=\"1665\">\n<p data-start=\"1568\" data-end=\"1665\"><strong data-start=\"1568\" data-end=\"1602\">Gebogene Finger und Handfl\u00e4che<\/strong> verbessern die Passform und verringern die Erm\u00fcdung am Steuer.<\/p>\n<\/li>\n<li data-start=\"1666\" data-end=\"1765\">\n<p data-start=\"1668\" data-end=\"1765\"><strong data-start=\"1668\" data-end=\"1689\">\u00c4u\u00dfere Griffzonen<\/strong> f\u00fcr hervorragende Kontrolle und Gef\u00fchl an den Bedienelementen des Cockpits.<\/p>\n<\/li>\n<li data-start=\"1766\" data-end=\"1941\">\n<p data-start=\"1768\" data-end=\"1941\"><strong data-start=\"1768\" data-end=\"1804\">Ergonomische 3D-Grifftechnologie<\/strong> auf der Handfl\u00e4che und den Fingern mit strategisch positionierten Silikon-Oberfl\u00e4chenmustern f\u00fcr verbesserte Flexibilit\u00e4t und Kontrolle.<\/p>\n<\/li>\n<li data-start=\"1942\" data-end=\"1982\">\n<p data-start=\"1944\" data-end=\"1982\"><strong data-start=\"1944\" data-end=\"1970\">Touchscreen-kompatible<\/strong> Handschuhe.<\/p>\n<\/li>\n<\/ul>\n<h3 data-start=\"1984\" data-end=\"1998\"><strong data-start=\"1988\" data-end=\"1998\">Schutz<\/strong><\/h3>\n<ul data-start=\"2000\" data-end=\"2106\">\n<li data-start=\"2000\" data-end=\"2106\">\n<p data-start=\"2002\" data-end=\"2106\">Homologiert gem\u00e4\u00df den <strong data-start=\"2024\" data-end=\"2041\">FIA 8856-2018<\/strong> und <strong data-start=\"2046\" data-end=\"2057\">SFI 3.3<\/strong> aktualisierten Standards, Standard-Homologation.<\/p>\n<\/li>\n<\/ul>\n","protected":false},"excerpt":{"rendered":"<p data-start=\"113\" data-end=\"193\">Alpinestars Tech-1 ZX V4 FIA\/SFI Handschuhe &#8211; TAR GRAY BLACK YELLOW FLUO<\/p>\n","protected":false},"featured_media":113422,"comment_status":"closed","ping_status":"closed","template":"","meta":[],"pwb-brand":[13164],"product_brand":[12254],"product_cat":[5604,5589,5144],"product_tag":[],"class_list":{"0":"post-113645","1":"product","2":"type-product","3":"status-publish","4":"has-post-thumbnail","6":"pwb-brand-alpinestars","7":"product_brand-alpinestars-de","8":"product_cat-handschuhe","9":"product_cat-pilotenausrustung","10":"product_cat-zubehoer","12":"first","13":"instock","14":"taxable","15":"shipping-taxable","16":"purchasable","17":"product-type-variable"},"brands":[{"id":13164,"name":"Alpinestars","slug":"alpinestars"}],"_links":{"self":[{"href":"https:\/\/swisstechauto.ch\/de\/wp-json\/wp\/v2\/product\/113645","targetHints":{"allow":["GET"]}}],"collection":[{"href":"https:\/\/swisstechauto.ch\/de\/wp-json\/wp\/v2\/product"}],"about":[{"href":"https:\/\/swisstechauto.ch\/de\/wp-json\/wp\/v2\/types\/product"}],"replies":[{"embeddable":true,"href":"https:\/\/swisstechauto.ch\/de\/wp-json\/wp\/v2\/comments?post=113645"}],"version-history":[{"count":0,"href":"https:\/\/swisstechauto.ch\/de\/wp-json\/wp\/v2\/product\/113645\/revisions"}],"wp:featuredmedia":[{"embeddable":true,"href":"https:\/\/swisstechauto.ch\/de\/wp-json\/wp\/v2\/media\/113422"}],"wp:attachment":[{"href":"https:\/\/swisstechauto.ch\/de\/wp-json\/wp\/v2\/media?parent=113645"}],"wp:term":[{"taxonomy":"pwb-brand","embeddable":true,"href":"https:\/\/swisstechauto.ch\/de\/wp-json\/wp\/v2\/pwb-brand?post=113645"},{"taxonomy":"product_brand","embeddable":true,"href":"https:\/\/swisstechauto.ch\/de\/wp-json\/wp\/v2\/product_brand?post=113645"},{"taxonomy":"product_cat","embeddable":true,"href":"https:\/\/swisstechauto.ch\/de\/wp-json\/wp\/v2\/product_cat?post=113645"},{"taxonomy":"product_tag","embeddable":true,"href":"https:\/\/swisstechauto.ch\/de\/wp-json\/wp\/v2\/product_tag?post=113645"}],"curies":[{"name":"wp","href":"https:\/\/api.w.org\/{rel}","templated":true}]}}