{"id":70893,"date":"2024-03-09T23:57:45","date_gmt":"2024-03-09T22:57:45","guid":{"rendered":"https:\/\/swisstechauto.ch\/felgen-gutachten\/"},"modified":"2024-04-11T00:27:20","modified_gmt":"2024-04-10T23:27:20","slug":"felgen-gutachten","status":"publish","type":"page","link":"https:\/\/swisstechauto.ch\/de\/felgen-gutachten\/","title":{"rendered":"Felgen Gutachten"},"content":{"rendered":"\t\t<div data-elementor-type=\"wp-page\" data-elementor-id=\"70893\" class=\"elementor elementor-70893 elementor-69402\" data-elementor-post-type=\"page\">\n\t\t\t\t<div class=\"elementor-element elementor-element-6d23eb3 e-grid e-con-boxed e-con e-parent\" data-id=\"6d23eb3\" data-element_type=\"container\" data-e-type=\"container\">\n\t\t\t\t\t<div class=\"e-con-inner\">\n\t\t\t\t<div class=\"elementor-element elementor-element-5e53f7b elementor-button-align-stretch elementor-widget elementor-widget-form\" data-id=\"5e53f7b\" data-element_type=\"widget\" data-e-type=\"widget\" data-settings=\"{&quot;step_next_label&quot;:&quot;Weiter&quot;,&quot;step_previous_label&quot;:&quot;Zur\\u00fcck&quot;,&quot;button_width&quot;:&quot;100&quot;,&quot;step_type&quot;:&quot;number_text&quot;,&quot;step_icon_shape&quot;:&quot;circle&quot;}\" data-widget_type=\"form.default\">\n\t\t\t\t<div class=\"elementor-widget-container\">\n\t\t\t\t\t\t\t<form class=\"elementor-form\" method=\"post\" name=\"Felgen Gutachten\" aria-label=\"Felgen Gutachten\">\n\t\t\t<input type=\"hidden\" name=\"post_id\" value=\"70893\"\/>\n\t\t\t<input type=\"hidden\" name=\"form_id\" value=\"5e53f7b\"\/>\n\t\t\t<input type=\"hidden\" name=\"referer_title\" value=\"Felgen Gutachten - SwissTechAuto\" \/>\n\n\t\t\t\t\t\t\t<input type=\"hidden\" name=\"queried_id\" value=\"70893\"\/>\n\t\t\t\n\t\t\t<div class=\"elementor-form-fields-wrapper elementor-labels-above\">\n\t\t\t\t\t\t\t\t<div class=\"elementor-field-type-select elementor-field-group elementor-column elementor-field-group-field_7aac20c elementor-col-100 elementor-field-required elementor-mark-required\">\n\t\t\t\t\t\t\t\t\t\t\t\t<label for=\"form-field-field_7aac20c\" class=\"elementor-field-label\">\n\t\t\t\t\t\t\t\tFelgenmarke\t\t\t\t\t\t\t<\/label>\n\t\t\t\t\t\t\t\t<div class=\"elementor-field elementor-select-wrapper remove-before \">\n\t\t\t<div class=\"select-caret-down-wrapper\">\n\t\t\t\t<svg aria-hidden=\"true\" class=\"e-font-icon-svg e-eicon-caret-down\" viewBox=\"0 0 571.4 571.4\" xmlns=\"http:\/\/www.w3.org\/2000\/svg\"><path d=\"M571 393Q571 407 561 418L311 668Q300 679 286 679T261 668L11 418Q0 407 0 393T11 368 36 357H536Q550 357 561 368T571 393Z\"><\/path><\/svg>\t\t\t<\/div>\n\t\t\t<select name=\"form_fields[field_7aac20c]\" id=\"form-field-field_7aac20c\" class=\"elementor-field-textual elementor-size-xs\" required=\"required\">\n\t\t\t\t\t\t\t\t\t<option value=\"Aeroline 135.-\">Aeroline 135.-<\/option>\n\t\t\t\t\t\t\t\t\t<option value=\"ATS 145.-\">ATS 145.-<\/option>\n\t\t\t\t\t\t\t\t\t<option value=\"Autec 145.-\">Autec 145.-<\/option>\n\t\t\t\t\t\t\t\t\t<option value=\"Avus 145.-\">Avus 145.-<\/option>\n\t\t\t\t\t\t\t\t\t<option value=\"Barracuda 135.-\">Barracuda 135.-<\/option>\n\t\t\t\t\t\t\t\t\t<option value=\"BBS 145.-\">BBS 145.-<\/option>\n\t\t\t\t\t\t\t\t\t<option value=\"Borbet 145.-\">Borbet 145.-<\/option>\n\t\t\t\t\t\t\t\t\t<option value=\"Breyton 140.-\">Breyton 140.-<\/option>\n\t\t\t\t\t\t\t\t\t<option value=\"Concaver 145.-\">Concaver 145.-<\/option>\n\t\t\t\t\t\t\t\t\t<option value=\"Corniche\/Cor.Speed 135.-\">Corniche\/Cor.Speed 135.-<\/option>\n\t\t\t\t\t\t\t\t\t<option value=\"Enkei 145.-\">Enkei 145.-<\/option>\n\t\t\t\t\t\t\t\t\t<option value=\"Ferrada 95.-\">Ferrada 95.-<\/option>\n\t\t\t\t\t\t\t\t\t<option value=\"Fondmetal 145.-\">Fondmetal 145.-<\/option>\n\t\t\t\t\t\t\t\t\t<option value=\"Giovanna 145.-\">Giovanna 145.-<\/option>\n\t\t\t\t\t\t\t\t\t<option value=\"Japan Racing 145.-\">Japan Racing 145.-<\/option>\n\t\t\t\t\t\t\t\t\t<option value=\"MSW 140.-\">MSW 140.-<\/option>\n\t\t\t\t\t\t\t\t\t<option value=\"OZ Racing 145.-\">OZ Racing 145.-<\/option>\n\t\t\t\t\t\t\t\t\t<option value=\"Rohana 145.-\">Rohana 145.-<\/option>\n\t\t\t\t\t\t\t\t\t<option value=\"Rotiform 145.-\">Rotiform 145.-<\/option>\n\t\t\t\t\t\t\t\t\t<option value=\"Sigma 135.-\">Sigma 135.-<\/option>\n\t\t\t\t\t\t\t\t\t<option value=\"Sparco 145.-\">Sparco 145.-<\/option>\n\t\t\t\t\t\t\t\t\t<option value=\"Team82 140.-\">Team82 140.-<\/option>\n\t\t\t\t\t\t\t\t\t<option value=\"Vossen 145.-\">Vossen 145.-<\/option>\n\t\t\t\t\t\t\t\t\t<option value=\"WheelForce 145.-\">WheelForce 145.-<\/option>\n\t\t\t\t\t\t\t\t\t<option value=\"Work 145.-\">Work 145.-<\/option>\n\t\t\t\t\t\t\t<\/select>\n\t\t<\/div>\n\t\t\t\t\t\t<\/div>\n\t\t\t\t\t\t\t\t<div class=\"elementor-field-type-text elementor-field-group elementor-column elementor-field-group-field_098719a elementor-col-100 elementor-field-required elementor-mark-required\">\n\t\t\t\t\t\t\t\t\t\t\t\t<label for=\"form-field-field_098719a\" class=\"elementor-field-label\">\n\t\t\t\t\t\t\t\tModell oder Nr. KBA\t\t\t\t\t\t\t<\/label>\n\t\t\t\t\t\t\t\t\t\t\t\t\t\t<input size=\"1\" type=\"text\" name=\"form_fields[field_098719a]\" id=\"form-field-field_098719a\" class=\"elementor-field elementor-size-xs  elementor-field-textual\" placeholder=\"Typ oder Nr. KBA\" required=\"required\">\n\t\t\t\t\t\t\t\t\t\t\t<\/div>\n\t\t\t\t\t\t\t\t<div class=\"elementor-field-type-text elementor-field-group elementor-column elementor-field-group-email elementor-col-50 elementor-field-required elementor-mark-required\">\n\t\t\t\t\t\t\t\t\t\t\t\t<label for=\"form-field-email\" class=\"elementor-field-label\">\n\t\t\t\t\t\t\t\tFelgendimensionen Vorderachse\t\t\t\t\t\t\t<\/label>\n\t\t\t\t\t\t\t\t\t\t\t\t\t\t<input size=\"1\" type=\"text\" name=\"form_fields[email]\" id=\"form-field-email\" class=\"elementor-field elementor-size-xs  elementor-field-textual\" placeholder=\"Breite X Durchmesser ( Z.B : 8,5x19 )\" required=\"required\">\n\t\t\t\t\t\t\t\t\t\t\t<\/div>\n\t\t\t\t\t\t\t\t<div class=\"elementor-field-type-text elementor-field-group elementor-column elementor-field-group-field_d055af7 elementor-col-25 elementor-field-required elementor-mark-required\">\n\t\t\t\t\t\t\t\t\t\t\t\t<label for=\"form-field-field_d055af7\" class=\"elementor-field-label\">\n\t\t\t\t\t\t\t\tET ( Einpresstiefe ) Vorderachse\t\t\t\t\t\t\t<\/label>\n\t\t\t\t\t\t\t\t\t\t\t\t\t\t<input size=\"1\" type=\"text\" name=\"form_fields[field_d055af7]\" id=\"form-field-field_d055af7\" class=\"elementor-field elementor-size-xs  elementor-field-textual\" placeholder=\"( Z.B : ET 35 )\" required=\"required\">\n\t\t\t\t\t\t\t\t\t\t\t<\/div>\n\t\t\t\t\t\t\t\t<div class=\"elementor-field-type-text elementor-field-group elementor-column elementor-field-group-field_0390fc7 elementor-col-25 elementor-field-required elementor-mark-required\">\n\t\t\t\t\t\t\t\t\t\t\t\t<label for=\"form-field-field_0390fc7\" class=\"elementor-field-label\">\n\t\t\t\t\t\t\t\tNabendurchmesser Vorne\t\t\t\t\t\t\t<\/label>\n\t\t\t\t\t\t\t\t\t\t\t\t\t\t<input size=\"1\" type=\"text\" name=\"form_fields[field_0390fc7]\" id=\"form-field-field_0390fc7\" class=\"elementor-field elementor-size-xs  elementor-field-textual\" placeholder=\"( Z.B : 5x112 )\" required=\"required\">\n\t\t\t\t\t\t\t\t\t\t\t<\/div>\n\t\t\t\t\t\t\t\t<div class=\"elementor-field-type-text elementor-field-group elementor-column elementor-field-group-field_0fa69e6 elementor-col-50 elementor-field-required elementor-mark-required\">\n\t\t\t\t\t\t\t\t\t\t\t\t<label for=\"form-field-field_0fa69e6\" class=\"elementor-field-label\">\n\t\t\t\t\t\t\t\tFelgendimensionen Hinterachse\t\t\t\t\t\t\t<\/label>\n\t\t\t\t\t\t\t\t\t\t\t\t\t\t<input size=\"1\" type=\"text\" name=\"form_fields[field_0fa69e6]\" id=\"form-field-field_0fa69e6\" class=\"elementor-field elementor-size-xs  elementor-field-textual\" placeholder=\"Breite X Durchmesser ( Z.B : 8,5x19 )\" required=\"required\">\n\t\t\t\t\t\t\t\t\t\t\t<\/div>\n\t\t\t\t\t\t\t\t<div class=\"elementor-field-type-text elementor-field-group elementor-column elementor-field-group-field_77762b7 elementor-col-25 elementor-field-required elementor-mark-required\">\n\t\t\t\t\t\t\t\t\t\t\t\t<label for=\"form-field-field_77762b7\" class=\"elementor-field-label\">\n\t\t\t\t\t\t\t\tET ( Einpresstiefe ) Hinterachse\t\t\t\t\t\t\t<\/label>\n\t\t\t\t\t\t\t\t\t\t\t\t\t\t<input size=\"1\" type=\"text\" name=\"form_fields[field_77762b7]\" id=\"form-field-field_77762b7\" class=\"elementor-field elementor-size-xs  elementor-field-textual\" placeholder=\"( Z.B : ET 35 )\" required=\"required\">\n\t\t\t\t\t\t\t\t\t\t\t<\/div>\n\t\t\t\t\t\t\t\t<div class=\"elementor-field-type-text elementor-field-group elementor-column elementor-field-group-field_6a9d106 elementor-col-25 elementor-field-required elementor-mark-required\">\n\t\t\t\t\t\t\t\t\t\t\t\t<label for=\"form-field-field_6a9d106\" class=\"elementor-field-label\">\n\t\t\t\t\t\t\t\tNabendurchmesser Hinten\t\t\t\t\t\t\t<\/label>\n\t\t\t\t\t\t\t\t\t\t\t\t\t\t<input size=\"1\" type=\"text\" name=\"form_fields[field_6a9d106]\" id=\"form-field-field_6a9d106\" class=\"elementor-field elementor-size-xs  elementor-field-textual\" placeholder=\"( Z.B : 5x112 )\" required=\"required\">\n\t\t\t\t\t\t\t\t\t\t\t<\/div>\n\t\t\t\t\t\t\t\t<div class=\"elementor-field-type-text elementor-field-group elementor-column elementor-field-group-field_0a46ae2 elementor-col-100\">\n\t\t\t\t\t\t\t\t\t\t\t\t<label for=\"form-field-field_0a46ae2\" class=\"elementor-field-label\">\n\t\t\t\t\t\t\t\tFalls Sie bereits Distanzscheiben haben. Bitte geben Sie es unten an:\t\t\t\t\t\t\t<\/label>\n\t\t\t\t\t\t\t\t\t\t\t\t\t\t<input size=\"1\" type=\"text\" name=\"form_fields[field_0a46ae2]\" id=\"form-field-field_0a46ae2\" class=\"elementor-field elementor-size-xs  elementor-field-textual\" placeholder=\"Marke und Artikelnummer\">\n\t\t\t\t\t\t\t\t\t\t\t<\/div>\n\t\t\t\t\t\t\t\t<div class=\"elementor-field-type-text elementor-field-group elementor-column elementor-field-group-field_0be794c elementor-col-100 elementor-field-required elementor-mark-required\">\n\t\t\t\t\t\t\t\t\t\t\t\t<label for=\"form-field-field_0be794c\" class=\"elementor-field-label\">\n\t\t\t\t\t\t\t\tMarke \/ Modell \/ Motorisierung\t\t\t\t\t\t\t<\/label>\n\t\t\t\t\t\t\t\t\t\t\t\t\t\t<input size=\"1\" type=\"text\" name=\"form_fields[field_0be794c]\" id=\"form-field-field_0be794c\" class=\"elementor-field elementor-size-xs  elementor-field-textual\" placeholder=\"( z.B : Audi S3 8V Sportback 2.0 TFSI Quattro 228KW ) \" required=\"required\">\n\t\t\t\t\t\t\t\t\t\t\t<\/div>\n\t\t\t\t\t\t\t\t<div class=\"elementor-field-type-text elementor-field-group elementor-column elementor-field-group-field_f4ff0bd elementor-col-50 elementor-field-required elementor-mark-required\">\n\t\t\t\t\t\t\t\t\t\t\t\t<label for=\"form-field-field_f4ff0bd\" class=\"elementor-field-label\">\n\t\t\t\t\t\t\t\tTypgenehmigung \t\t\t\t\t\t\t<\/label>\n\t\t\t\t\t\t\t\t\t\t\t\t\t\t<input size=\"1\" type=\"text\" name=\"form_fields[field_f4ff0bd]\" id=\"form-field-field_f4ff0bd\" class=\"elementor-field elementor-size-xs  elementor-field-textual\" placeholder=\"Ziffer 24 ( ex: 1AC933 ou X )\" required=\"required\">\n\t\t\t\t\t\t\t\t\t\t\t<\/div>\n\t\t\t\t\t\t\t\t<div class=\"elementor-field-type-text elementor-field-group elementor-column elementor-field-group-field_a7c0271 elementor-col-50 elementor-field-required elementor-mark-required\">\n\t\t\t\t\t\t\t\t\t\t\t\t<label for=\"form-field-field_a7c0271\" class=\"elementor-field-label\">\n\t\t\t\t\t\t\t\tVIN Nummer\t\t\t\t\t\t\t<\/label>\n\t\t\t\t\t\t\t\t\t\t\t\t\t\t<input size=\"1\" type=\"text\" name=\"form_fields[field_a7c0271]\" id=\"form-field-field_a7c0271\" class=\"elementor-field elementor-size-xs  elementor-field-textual\" placeholder=\"( z.B : WAUZZZ............)\" required=\"required\">\n\t\t\t\t\t\t\t\t\t\t\t<\/div>\n\t\t\t\t\t\t\t\t<div class=\"elementor-field-type-upload elementor-field-group elementor-column elementor-field-group-field_c6e5c07 elementor-col-100 elementor-field-required elementor-mark-required\">\n\t\t\t\t\t\t\t\t\t\t\t\t<label for=\"form-field-field_c6e5c07\" class=\"elementor-field-label\">\n\t\t\t\t\t\t\t\tFotos, Kaufbeleg, Fahrzeugausweis\t\t\t\t\t\t\t<\/label>\n\t\t\t\t\t\t\t\t<input type=\"file\" name=\"form_fields[field_c6e5c07][]\" id=\"form-field-field_c6e5c07\" class=\"elementor-field elementor-size-xs  elementor-upload-field\" required=\"required\" multiple=\"multiple\" data-maxsize=\"15\" data-maxsize-message=\"Diese Datei \u00fcbersteigt die maximale Dateigr\u00f6\u00dfe.\">\n\n\t\t\t\t\t\t<\/div>\n\t\t\t\t\t\t\t\t<div class=\"elementor-field-type-textarea elementor-field-group elementor-column elementor-field-group-message elementor-col-100\">\n\t\t\t\t\t\t\t\t\t\t\t\t<label for=\"form-field-message\" class=\"elementor-field-label\">\n\t\t\t\t\t\t\t\tNachricht\t\t\t\t\t\t\t<\/label>\n\t\t\t\t\t\t<textarea class=\"elementor-field-textual elementor-field  elementor-size-xs\" name=\"form_fields[message]\" id=\"form-field-message\" rows=\"4\" placeholder=\"Bei Fragen, besonderen Bemerkungen oder Anfragen ohne Kaufbeleg k\u00f6nnen Sie hier Ihre Anfrage stellen\"><\/textarea>\t\t\t\t<\/div>\n\t\t\t\t\t\t\t\t<div class=\"elementor-field-type-text elementor-field-group elementor-column elementor-field-group-field_c30bf9f elementor-col-100 elementor-field-required elementor-mark-required\">\n\t\t\t\t\t\t\t\t\t\t\t\t<label for=\"form-field-field_c30bf9f\" class=\"elementor-field-label\">\n\t\t\t\t\t\t\t\tName, Vorname\t\t\t\t\t\t\t<\/label>\n\t\t\t\t\t\t\t\t\t\t\t\t\t\t<input size=\"1\" type=\"text\" name=\"form_fields[field_c30bf9f]\" id=\"form-field-field_c30bf9f\" class=\"elementor-field elementor-size-xs  elementor-field-textual\" placeholder=\"Name, Vorname\" required=\"required\">\n\t\t\t\t\t\t\t\t\t\t\t<\/div>\n\t\t\t\t\t\t\t\t<div class=\"elementor-field-type-text elementor-field-group elementor-column elementor-field-group-field_7321f21 elementor-col-100 elementor-field-required elementor-mark-required\">\n\t\t\t\t\t\t\t\t\t\t\t\t<label for=\"form-field-field_7321f21\" class=\"elementor-field-label\">\n\t\t\t\t\t\t\t\tAdresse\t\t\t\t\t\t\t<\/label>\n\t\t\t\t\t\t\t\t\t\t\t\t\t\t<input size=\"1\" type=\"text\" name=\"form_fields[field_7321f21]\" id=\"form-field-field_7321f21\" class=\"elementor-field elementor-size-xs  elementor-field-textual\" placeholder=\"Adresse \" required=\"required\">\n\t\t\t\t\t\t\t\t\t\t\t<\/div>\n\t\t\t\t\t\t\t\t<div class=\"elementor-field-type-tel elementor-field-group elementor-column elementor-field-group-field_e574eca elementor-col-100 elementor-field-required elementor-mark-required\">\n\t\t\t\t\t\t\t\t\t\t\t\t<label for=\"form-field-field_e574eca\" class=\"elementor-field-label\">\n\t\t\t\t\t\t\t\tTelefon\t\t\t\t\t\t\t<\/label>\n\t\t\t\t\t\t\t\t<input size=\"1\" type=\"tel\" name=\"form_fields[field_e574eca]\" id=\"form-field-field_e574eca\" class=\"elementor-field elementor-size-xs  elementor-field-textual\" placeholder=\"Telefon\" required=\"required\" pattern=\"[0-9()#&amp;+*-=.]+\" title=\"Nur Nummern oder Telefon-Zeichen (#, -, *, etc) werden akzeptiert.\">\n\n\t\t\t\t\t\t<\/div>\n\t\t\t\t\t\t\t\t<div class=\"elementor-field-type-email elementor-field-group elementor-column elementor-field-group-field_52516d8 elementor-col-100 elementor-field-required elementor-mark-required\">\n\t\t\t\t\t\t\t\t\t\t\t\t<label for=\"form-field-field_52516d8\" class=\"elementor-field-label\">\n\t\t\t\t\t\t\t\tE-mail\t\t\t\t\t\t\t<\/label>\n\t\t\t\t\t\t\t\t\t\t\t\t\t\t<input size=\"1\" type=\"email\" name=\"form_fields[field_52516d8]\" id=\"form-field-field_52516d8\" class=\"elementor-field elementor-size-xs  elementor-field-textual\" placeholder=\"E-mail\" required=\"required\">\n\t\t\t\t\t\t\t\t\t\t\t<\/div>\n\t\t\t\t\t\t\t\t<div class=\"elementor-field-group elementor-column elementor-field-type-submit elementor-col-100 e-form__buttons\">\n\t\t\t\t\t<button class=\"elementor-button elementor-size-sm\" type=\"submit\">\n\t\t\t\t\t\t<span class=\"elementor-button-content-wrapper\">\n\t\t\t\t\t\t\t\t\t\t\t\t\t\t\t\t\t\t\t\t\t\t<span class=\"elementor-button-text\">Senden<\/span>\n\t\t\t\t\t\t\t\t\t\t\t\t\t<\/span>\n\t\t\t\t\t<\/button>\n\t\t\t\t<\/div>\n\t\t\t<\/div>\n\t\t<\/form>\n\t\t\t\t\t\t<\/div>\n\t\t\t\t<\/div>\n\t\t\t\t<div class=\"elementor-element elementor-element-6f2df3c elementor-widget elementor-widget-text-editor\" data-id=\"6f2df3c\" data-element_type=\"widget\" data-e-type=\"widget\" data-widget_type=\"text-editor.default\">\n\t\t\t\t<div class=\"elementor-widget-container\">\n\t\t\t\t\t\t\t\t\t<h4>Antrag Teile Gutachten f\u00fcr Felgen<\/h4>\n<p>Der Preis der Zertifikate ist nur g\u00fcltig mit Kaufbeleg der Felgen in der Schweiz. Mehrwertsteuer, Bearbeitungsgeb\u00fchren, Versandkosten inbegriffen. <\/p>\n<p>Wenn Sie diesen Kaufbeleg nicht haben, teilen Sie uns dies bitte im Bereich Nachricht des Formulars mit. Je nach Marke k\u00f6nnen wir Ihnen trotzdem die Zulassung zu einem h\u00f6heren Preis anbieten.<\/p>\n\t\t\t\t\t\t\t\t<\/div>\n\t\t\t\t<\/div>\n\t\t\t\t\t<\/div>\n\t\t\t\t<\/div>\n\t\t\t\t<\/div>\n\t\t","protected":false},"excerpt":{"rendered":"<p>Antrag Teile Gutachten f\u00fcr Felgen Der Preis der Zertifikate ist nur g\u00fcltig mit Kaufbeleg der Felgen in der Schweiz. Mehrwertsteuer, Bearbeitungsgeb\u00fchren, Versandkosten inbegriffen. Wenn Sie diesen Kaufbeleg nicht haben, teilen Sie uns dies bitte im Bereich Nachricht des Formulars mit. Je nach Marke k\u00f6nnen wir Ihnen trotzdem die Zulassung zu einem h\u00f6heren Preis anbieten.<\/p>\n","protected":false},"author":1,"featured_media":0,"parent":0,"menu_order":0,"comment_status":"closed","ping_status":"closed","template":"","meta":{"footnotes":""},"class_list":["post-70893","page","type-page","status-publish","hentry"],"_links":{"self":[{"href":"https:\/\/swisstechauto.ch\/de\/wp-json\/wp\/v2\/pages\/70893","targetHints":{"allow":["GET"]}}],"collection":[{"href":"https:\/\/swisstechauto.ch\/de\/wp-json\/wp\/v2\/pages"}],"about":[{"href":"https:\/\/swisstechauto.ch\/de\/wp-json\/wp\/v2\/types\/page"}],"author":[{"embeddable":true,"href":"https:\/\/swisstechauto.ch\/de\/wp-json\/wp\/v2\/users\/1"}],"replies":[{"embeddable":true,"href":"https:\/\/swisstechauto.ch\/de\/wp-json\/wp\/v2\/comments?post=70893"}],"version-history":[{"count":0,"href":"https:\/\/swisstechauto.ch\/de\/wp-json\/wp\/v2\/pages\/70893\/revisions"}],"wp:attachment":[{"href":"https:\/\/swisstechauto.ch\/de\/wp-json\/wp\/v2\/media?parent=70893"}],"curies":[{"name":"wp","href":"https:\/\/api.w.org\/{rel}","templated":true}]}}